{"id":8123,"date":"2019-07-11T08:44:57","date_gmt":"2019-08-29T11:34:20","guid":{"rendered":"https:\/\/cerveceroscaseros.com\/producto\/amarillo"},"modified":"2020-03-10T08:31:05","modified_gmt":"2020-03-10T08:31:05","slug":"amarillo-2","status":"publish","type":"product","link":"https:\/\/www.agronetbrewing.com\/fr\/productos\/houblons\/cryo-hops-fr\/amarillo-2\/","title":{"rendered":"Amarillo"},"content":{"rendered":"","protected":false},"excerpt":{"rendered":"<p>D\u00e9couvert par Virgil Gamache Farms, Amarillo\u00ae est l\u2019une des dix meilleures vari\u00e9t\u00e9s d\u2019ar\u00f4mes utilis\u00e9s par les brasseurs artisanaux. Il contient des acides alpha relativement \u00e9lev\u00e9s ainsi que des taux extr\u00eamement \u00e9lev\u00e9s de myrc\u00e8ne pour les ar\u00f4mes d&rsquo;agrumes et de pamplemousse.<\/p>\n<p><strong>Profil d&rsquo;ar\u00f4me:<\/strong> Pamplemousse, Orange, Citron, Melon, Abricot, P\u00eache.<\/p>\n","protected":false},"featured_media":6546,"template":"","meta":[],"pwb-brand":[],"product_brand":[],"product_cat":[151],"product_tag":[],"class_list":{"0":"post-8123","1":"product","2":"type-product","3":"status-publish","4":"has-post-thumbnail","6":"product_cat-cryo-hops-fr","8":"first","9":"instock","10":"taxable","11":"shipping-taxable","12":"product-type-variable","13":"has-default-attributes","14":"customify-col","15":"product-has-gallery"},"brands":[],"_links":{"self":[{"href":"https:\/\/www.agronetbrewing.com\/fr\/wp-json\/wp\/v2\/product\/8123","targetHints":{"allow":["GET"]}}],"collection":[{"href":"https:\/\/www.agronetbrewing.com\/fr\/wp-json\/wp\/v2\/product"}],"about":[{"href":"https:\/\/www.agronetbrewing.com\/fr\/wp-json\/wp\/v2\/types\/product"}],"version-history":[{"count":0,"href":"https:\/\/www.agronetbrewing.com\/fr\/wp-json\/wp\/v2\/product\/8123\/revisions"}],"wp:featuredmedia":[{"embeddable":true,"href":"https:\/\/www.agronetbrewing.com\/fr\/wp-json\/wp\/v2\/media\/6546"}],"wp:attachment":[{"href":"https:\/\/www.agronetbrewing.com\/fr\/wp-json\/wp\/v2\/media?parent=8123"}],"wp:term":[{"taxonomy":"pwb-brand","embeddable":true,"href":"https:\/\/www.agronetbrewing.com\/fr\/wp-json\/wp\/v2\/pwb-brand?post=8123"},{"taxonomy":"product_brand","embeddable":true,"href":"https:\/\/www.agronetbrewing.com\/fr\/wp-json\/wp\/v2\/product_brand?post=8123"},{"taxonomy":"product_cat","embeddable":true,"href":"https:\/\/www.agronetbrewing.com\/fr\/wp-json\/wp\/v2\/product_cat?post=8123"},{"taxonomy":"product_tag","embeddable":true,"href":"https:\/\/www.agronetbrewing.com\/fr\/wp-json\/wp\/v2\/product_tag?post=8123"}],"curies":[{"name":"wp","href":"https:\/\/api.w.org\/{rel}","templated":true}]}}