{"id":8125,"date":"2019-07-10T11:18:26","date_gmt":"2019-08-29T11:38:35","guid":{"rendered":"https:\/\/cerveceroscaseros.com\/producto\/glucoamilasa"},"modified":"2020-03-10T12:18:07","modified_gmt":"2020-03-10T12:18:07","slug":"glucoamylase","status":"publish","type":"product","link":"https:\/\/www.agronetbrewing.com\/fr\/productos\/additifs\/enzymes\/glucoamylase\/","title":{"rendered":"Glucoamylase"},"content":{"rendered":"","protected":false},"excerpt":{"rendered":"<p>La glucoamylase est compos\u00e9e d\u2019Aspergillus niger, produite par les technologies de fermentation, s\u00e9paration et extraction en immersion.<br \/>\nCe produit peut \u00eatre utilis\u00e9 dans l&rsquo;industrie des alcools, des alcools distill\u00e9s, de la bi\u00e8re, des acides organiques, du sucre et de la glycation.<\/p>\n","protected":false},"featured_media":23936,"template":"","meta":[],"pwb-brand":[1017],"product_brand":[],"product_cat":[157],"product_tag":[],"class_list":{"0":"post-8125","1":"product","2":"type-product","3":"status-publish","4":"has-post-thumbnail","6":"pwb-brand-abvickers","7":"product_cat-enzymes","9":"first","10":"instock","11":"taxable","12":"shipping-taxable","13":"product-type-variable","14":"has-default-attributes","15":"customify-col"},"brands":[{"id":1017,"name":"ABVICKERS","slug":"abvickers"}],"_links":{"self":[{"href":"https:\/\/www.agronetbrewing.com\/fr\/wp-json\/wp\/v2\/product\/8125","targetHints":{"allow":["GET"]}}],"collection":[{"href":"https:\/\/www.agronetbrewing.com\/fr\/wp-json\/wp\/v2\/product"}],"about":[{"href":"https:\/\/www.agronetbrewing.com\/fr\/wp-json\/wp\/v2\/types\/product"}],"version-history":[{"count":0,"href":"https:\/\/www.agronetbrewing.com\/fr\/wp-json\/wp\/v2\/product\/8125\/revisions"}],"wp:featuredmedia":[{"embeddable":true,"href":"https:\/\/www.agronetbrewing.com\/fr\/wp-json\/wp\/v2\/media\/23936"}],"wp:attachment":[{"href":"https:\/\/www.agronetbrewing.com\/fr\/wp-json\/wp\/v2\/media?parent=8125"}],"wp:term":[{"taxonomy":"pwb-brand","embeddable":true,"href":"https:\/\/www.agronetbrewing.com\/fr\/wp-json\/wp\/v2\/pwb-brand?post=8125"},{"taxonomy":"product_brand","embeddable":true,"href":"https:\/\/www.agronetbrewing.com\/fr\/wp-json\/wp\/v2\/product_brand?post=8125"},{"taxonomy":"product_cat","embeddable":true,"href":"https:\/\/www.agronetbrewing.com\/fr\/wp-json\/wp\/v2\/product_cat?post=8125"},{"taxonomy":"product_tag","embeddable":true,"href":"https:\/\/www.agronetbrewing.com\/fr\/wp-json\/wp\/v2\/product_tag?post=8125"}],"curies":[{"name":"wp","href":"https:\/\/api.w.org\/{rel}","templated":true}]}}