{"id":8127,"date":"2019-07-04T07:42:41","date_gmt":"2019-08-29T11:51:21","guid":{"rendered":"https:\/\/cerveceroscaseros.com\/producto\/co2-hop-extract"},"modified":"2019-10-10T09:38:07","modified_gmt":"2019-10-10T09:38:07","slug":"co2-hop-extract","status":"publish","type":"product","link":"https:\/\/www.agronetbrewing.com\/fr\/productos\/houblons\/extrait-de-houblon\/co2-hop-extract\/","title":{"rendered":"CO2 Hop Extract"},"content":{"rendered":"","protected":false},"excerpt":{"rendered":"<p>L&rsquo;extrait de houblon est un extrait de r\u00e9sine pure contenant des huiles de houblon: acides b\u00eata et acides alpha. Il fournit une amertume pure et un ar\u00f4me de houblon. Haute puret\u00e9, il est pratiquement exempt de nitrates et de polyph\u00e9nols. L&rsquo;analyse typique refl\u00e8te 45-65% d&rsquo;acides alpha, 15-35% d&rsquo;acides b\u00eata et 5-15% d&rsquo;huile. Ce produit peut \u00eatre utilis\u00e9 en brasserie pour ajouter principalement de l&rsquo;amertume, du go\u00fbt et de la stabilit\u00e9 \u00e0 une grande vari\u00e9t\u00e9 de styles de bi\u00e8re.<\/p>\n","protected":false},"featured_media":6354,"template":"","meta":[],"pwb-brand":[],"product_brand":[],"product_cat":[158],"product_tag":[],"class_list":{"0":"post-8127","1":"product","2":"type-product","3":"status-publish","4":"has-post-thumbnail","6":"product_cat-extrait-de-houblon","8":"first","9":"instock","10":"taxable","11":"shipping-taxable","12":"product-type-variable","13":"customify-col","14":"product-has-gallery"},"brands":[],"_links":{"self":[{"href":"https:\/\/www.agronetbrewing.com\/fr\/wp-json\/wp\/v2\/product\/8127","targetHints":{"allow":["GET"]}}],"collection":[{"href":"https:\/\/www.agronetbrewing.com\/fr\/wp-json\/wp\/v2\/product"}],"about":[{"href":"https:\/\/www.agronetbrewing.com\/fr\/wp-json\/wp\/v2\/types\/product"}],"version-history":[{"count":0,"href":"https:\/\/www.agronetbrewing.com\/fr\/wp-json\/wp\/v2\/product\/8127\/revisions"}],"wp:featuredmedia":[{"embeddable":true,"href":"https:\/\/www.agronetbrewing.com\/fr\/wp-json\/wp\/v2\/media\/6354"}],"wp:attachment":[{"href":"https:\/\/www.agronetbrewing.com\/fr\/wp-json\/wp\/v2\/media?parent=8127"}],"wp:term":[{"taxonomy":"pwb-brand","embeddable":true,"href":"https:\/\/www.agronetbrewing.com\/fr\/wp-json\/wp\/v2\/pwb-brand?post=8127"},{"taxonomy":"product_brand","embeddable":true,"href":"https:\/\/www.agronetbrewing.com\/fr\/wp-json\/wp\/v2\/product_brand?post=8127"},{"taxonomy":"product_cat","embeddable":true,"href":"https:\/\/www.agronetbrewing.com\/fr\/wp-json\/wp\/v2\/product_cat?post=8127"},{"taxonomy":"product_tag","embeddable":true,"href":"https:\/\/www.agronetbrewing.com\/fr\/wp-json\/wp\/v2\/product_tag?post=8127"}],"curies":[{"name":"wp","href":"https:\/\/api.w.org\/{rel}","templated":true}]}}