{"id":8142,"date":"2019-07-02T12:35:42","date_gmt":"2019-08-30T06:12:26","guid":{"rendered":"https:\/\/cerveceroscaseros.com\/producto\/wildbrew-sour-pitch"},"modified":"2025-02-13T09:39:01","modified_gmt":"2025-02-13T08:39:01","slug":"wildrew-sour-pitch","status":"publish","type":"product","link":"https:\/\/www.agronetbrewing.com\/fr\/productos\/levure-et-bacteries\/lallemand-fr\/wildbrew-series-fr\/wildrew-sour-pitch\/","title":{"rendered":"WildBrew\u2122 Sour Pitch"},"content":{"rendered":"","protected":false},"excerpt":{"rendered":"<p>Class\u00e9 comme <em>Lactobacillus pantarum<\/em>, une souche h\u00e9t\u00e9rofermentative facultative. Wild Pitch est une bact\u00e9rie de l&rsquo;acide lactique de haute performance et de haute puret\u00e9, sp\u00e9cialement s\u00e9lectionn\u00e9e pour sa capacit\u00e9 \u00e0 produire une large gamme de styles de bi\u00e8res acides.<br \/>\nElle produit un profil de saveur propre et \u00e9quilibr\u00e9, typique des styles de bi\u00e8re acidul\u00e9e traditionnels et modernes. Lorsqu&rsquo;il est inoffensif \u00e0 la temp\u00e9rature optimale et dans les conditions appropri\u00e9es, il constitue un moyen puissant, s\u00fbr et facile de manipuler les bact\u00e9ries pour diff\u00e9rentes techniques d&rsquo;acidification de la bi\u00e8re, telles que le processus typique de s\u00e9chage \u00e0 la marmite.<\/p>\n","protected":false},"featured_media":6312,"template":"","meta":[],"pwb-brand":[],"product_brand":[],"product_cat":[159],"product_tag":[],"class_list":{"0":"post-8142","1":"product","2":"type-product","3":"status-publish","4":"has-post-thumbnail","6":"product_cat-wildbrew-series-fr","8":"first","9":"instock","10":"taxable","11":"shipping-taxable","12":"product-type-variable","13":"customify-col","14":"product-has-gallery"},"brands":[],"_links":{"self":[{"href":"https:\/\/www.agronetbrewing.com\/fr\/wp-json\/wp\/v2\/product\/8142","targetHints":{"allow":["GET"]}}],"collection":[{"href":"https:\/\/www.agronetbrewing.com\/fr\/wp-json\/wp\/v2\/product"}],"about":[{"href":"https:\/\/www.agronetbrewing.com\/fr\/wp-json\/wp\/v2\/types\/product"}],"version-history":[{"count":1,"href":"https:\/\/www.agronetbrewing.com\/fr\/wp-json\/wp\/v2\/product\/8142\/revisions"}],"predecessor-version":[{"id":24158,"href":"https:\/\/www.agronetbrewing.com\/fr\/wp-json\/wp\/v2\/product\/8142\/revisions\/24158"}],"wp:featuredmedia":[{"embeddable":true,"href":"https:\/\/www.agronetbrewing.com\/fr\/wp-json\/wp\/v2\/media\/6312"}],"wp:attachment":[{"href":"https:\/\/www.agronetbrewing.com\/fr\/wp-json\/wp\/v2\/media?parent=8142"}],"wp:term":[{"taxonomy":"pwb-brand","embeddable":true,"href":"https:\/\/www.agronetbrewing.com\/fr\/wp-json\/wp\/v2\/pwb-brand?post=8142"},{"taxonomy":"product_brand","embeddable":true,"href":"https:\/\/www.agronetbrewing.com\/fr\/wp-json\/wp\/v2\/product_brand?post=8142"},{"taxonomy":"product_cat","embeddable":true,"href":"https:\/\/www.agronetbrewing.com\/fr\/wp-json\/wp\/v2\/product_cat?post=8142"},{"taxonomy":"product_tag","embeddable":true,"href":"https:\/\/www.agronetbrewing.com\/fr\/wp-json\/wp\/v2\/product_tag?post=8142"}],"curies":[{"name":"wp","href":"https:\/\/api.w.org\/{rel}","templated":true}]}}