{"id":8147,"date":"2019-06-25T12:50:00","date_gmt":"2019-08-30T06:29:35","guid":{"rendered":"https:\/\/cerveceroscaseros.com\/producto\/lactose"},"modified":"2025-02-13T09:12:55","modified_gmt":"2025-02-13T08:12:55","slug":"lactose","status":"publish","type":"product","link":"https:\/\/www.agronetbrewing.com\/fr\/productos\/additifs\/sucres\/lactose\/","title":{"rendered":"Lactose"},"content":{"rendered":"","protected":false},"excerpt":{"rendered":"<p>Le lactose est le \u00ab\u00a0sucre du lait\u00a0\u00bb. C&rsquo;est une fine poudre blanche \/ jaune. La poudre de lactose est soluble dans l&rsquo;eau. Ce produit est inodore et a un go\u00fbt l\u00e9g\u00e8rement sucr\u00e9.<\/p>\n","protected":false},"featured_media":24136,"template":"","meta":[],"pwb-brand":[],"product_brand":[],"product_cat":[149],"product_tag":[],"class_list":{"0":"post-8147","1":"product","2":"type-product","3":"status-publish","4":"has-post-thumbnail","6":"product_cat-sucres","8":"first","9":"instock","10":"taxable","11":"shipping-taxable","12":"product-type-variable","13":"has-default-attributes","14":"customify-col"},"brands":[],"_links":{"self":[{"href":"https:\/\/www.agronetbrewing.com\/fr\/wp-json\/wp\/v2\/product\/8147","targetHints":{"allow":["GET"]}}],"collection":[{"href":"https:\/\/www.agronetbrewing.com\/fr\/wp-json\/wp\/v2\/product"}],"about":[{"href":"https:\/\/www.agronetbrewing.com\/fr\/wp-json\/wp\/v2\/types\/product"}],"version-history":[{"count":1,"href":"https:\/\/www.agronetbrewing.com\/fr\/wp-json\/wp\/v2\/product\/8147\/revisions"}],"predecessor-version":[{"id":24152,"href":"https:\/\/www.agronetbrewing.com\/fr\/wp-json\/wp\/v2\/product\/8147\/revisions\/24152"}],"wp:featuredmedia":[{"embeddable":true,"href":"https:\/\/www.agronetbrewing.com\/fr\/wp-json\/wp\/v2\/media\/24136"}],"wp:attachment":[{"href":"https:\/\/www.agronetbrewing.com\/fr\/wp-json\/wp\/v2\/media?parent=8147"}],"wp:term":[{"taxonomy":"pwb-brand","embeddable":true,"href":"https:\/\/www.agronetbrewing.com\/fr\/wp-json\/wp\/v2\/pwb-brand?post=8147"},{"taxonomy":"product_brand","embeddable":true,"href":"https:\/\/www.agronetbrewing.com\/fr\/wp-json\/wp\/v2\/product_brand?post=8147"},{"taxonomy":"product_cat","embeddable":true,"href":"https:\/\/www.agronetbrewing.com\/fr\/wp-json\/wp\/v2\/product_cat?post=8147"},{"taxonomy":"product_tag","embeddable":true,"href":"https:\/\/www.agronetbrewing.com\/fr\/wp-json\/wp\/v2\/product_tag?post=8147"}],"curies":[{"name":"wp","href":"https:\/\/api.w.org\/{rel}","templated":true}]}}