{"id":8149,"date":"2019-06-25T12:42:50","date_gmt":"2019-08-30T06:34:51","guid":{"rendered":"https:\/\/cerveceroscaseros.com\/producto\/antioxydant-vicant"},"modified":"2021-09-09T14:57:10","modified_gmt":"2021-09-09T14:57:10","slug":"antioxydant-vicant","status":"publish","type":"product","link":"https:\/\/www.agronetbrewing.com\/fr\/productos\/additifs\/antioxydants-et-stabilisateurs\/antioxydant-vicant\/","title":{"rendered":"Antioxydant Vicant"},"content":{"rendered":"","protected":false},"excerpt":{"rendered":"<p>Vicant est un agent anti-oxydant et anti-obscurcissant con\u00e7u pour am\u00e9liorer le go\u00fbt et la stabilit\u00e9 collo\u00efdale de la bi\u00e8re. Vicant fournit des sources de dioxyde de soufre et d&rsquo;ascorbate.<br \/>\nLes composants actifs agissent de deux mani\u00e8res: en \u00e9liminant l&rsquo;oxyg\u00e8ne dissous et en bloquant les r\u00e9actions de vieillissement. Il diminue la formation d&rsquo;ar\u00f4mes \u00e9tranges, g\u00e9n\u00e9ralement d\u00e9crits comme du papier ou du carton en liant des compos\u00e9s carbonyl\u00e9s, en particulier le trans-2-non\u00e9nal.<\/p>\n<ul>\n<li>Am\u00e9lioration de la stabilit\u00e9 de la saveur.<\/li>\n<li>Am\u00e9lioration de la stabilit\u00e9 collo\u00efdale.<\/li>\n<li>Cela ralentit l&rsquo;obscurcissement.<\/li>\n<\/ul>\n","protected":false},"featured_media":7131,"template":"","meta":[],"pwb-brand":[],"product_brand":[],"product_cat":[161],"product_tag":[],"class_list":{"0":"post-8149","1":"product","2":"type-product","3":"status-publish","4":"has-post-thumbnail","6":"product_cat-antioxydants-et-stabilisateurs","8":"first","9":"instock","10":"taxable","11":"shipping-taxable","12":"product-type-variable","13":"has-default-attributes","14":"customify-col","15":"product-has-gallery"},"brands":[],"_links":{"self":[{"href":"https:\/\/www.agronetbrewing.com\/fr\/wp-json\/wp\/v2\/product\/8149","targetHints":{"allow":["GET"]}}],"collection":[{"href":"https:\/\/www.agronetbrewing.com\/fr\/wp-json\/wp\/v2\/product"}],"about":[{"href":"https:\/\/www.agronetbrewing.com\/fr\/wp-json\/wp\/v2\/types\/product"}],"version-history":[{"count":0,"href":"https:\/\/www.agronetbrewing.com\/fr\/wp-json\/wp\/v2\/product\/8149\/revisions"}],"wp:featuredmedia":[{"embeddable":true,"href":"https:\/\/www.agronetbrewing.com\/fr\/wp-json\/wp\/v2\/media\/7131"}],"wp:attachment":[{"href":"https:\/\/www.agronetbrewing.com\/fr\/wp-json\/wp\/v2\/media?parent=8149"}],"wp:term":[{"taxonomy":"pwb-brand","embeddable":true,"href":"https:\/\/www.agronetbrewing.com\/fr\/wp-json\/wp\/v2\/pwb-brand?post=8149"},{"taxonomy":"product_brand","embeddable":true,"href":"https:\/\/www.agronetbrewing.com\/fr\/wp-json\/wp\/v2\/product_brand?post=8149"},{"taxonomy":"product_cat","embeddable":true,"href":"https:\/\/www.agronetbrewing.com\/fr\/wp-json\/wp\/v2\/product_cat?post=8149"},{"taxonomy":"product_tag","embeddable":true,"href":"https:\/\/www.agronetbrewing.com\/fr\/wp-json\/wp\/v2\/product_tag?post=8149"}],"curies":[{"name":"wp","href":"https:\/\/api.w.org\/{rel}","templated":true}]}}