{"id":8150,"date":"2019-06-25T12:34:45","date_gmt":"2019-08-30T06:36:31","guid":{"rendered":"https:\/\/cerveceroscaseros.com\/producto\/antimousse-fd20pk"},"modified":"2020-03-11T07:43:16","modified_gmt":"2020-03-11T07:43:16","slug":"antimousse-fd20pk","status":"publish","type":"product","link":"https:\/\/www.agronetbrewing.com\/fr\/productos\/additifs\/antiespumants\/antimousse-fd20pk\/","title":{"rendered":"Antimousse FD20PK"},"content":{"rendered":"","protected":false},"excerpt":{"rendered":"<p>C&rsquo;est un agent de surface efficace \u00e0 base de silicone qui emp\u00eache la formation de mousse en r\u00e9duisant la tension superficielle. Il n&rsquo;a pas d&rsquo;effet n\u00e9gatif sur la mousse de bi\u00e8re ou la stabilit\u00e9 de la saveur.<\/p>\n<p style=\"text-align: center;\">\n","protected":false},"featured_media":23840,"template":"","meta":[],"pwb-brand":[],"product_brand":[],"product_cat":[162],"product_tag":[],"class_list":{"0":"post-8150","1":"product","2":"type-product","3":"status-publish","4":"has-post-thumbnail","6":"product_cat-antiespumants","8":"first","9":"instock","10":"taxable","11":"shipping-taxable","12":"product-type-variable","13":"has-default-attributes","14":"customify-col","15":"product-has-gallery"},"brands":[],"_links":{"self":[{"href":"https:\/\/www.agronetbrewing.com\/fr\/wp-json\/wp\/v2\/product\/8150","targetHints":{"allow":["GET"]}}],"collection":[{"href":"https:\/\/www.agronetbrewing.com\/fr\/wp-json\/wp\/v2\/product"}],"about":[{"href":"https:\/\/www.agronetbrewing.com\/fr\/wp-json\/wp\/v2\/types\/product"}],"version-history":[{"count":0,"href":"https:\/\/www.agronetbrewing.com\/fr\/wp-json\/wp\/v2\/product\/8150\/revisions"}],"wp:featuredmedia":[{"embeddable":true,"href":"https:\/\/www.agronetbrewing.com\/fr\/wp-json\/wp\/v2\/media\/23840"}],"wp:attachment":[{"href":"https:\/\/www.agronetbrewing.com\/fr\/wp-json\/wp\/v2\/media?parent=8150"}],"wp:term":[{"taxonomy":"pwb-brand","embeddable":true,"href":"https:\/\/www.agronetbrewing.com\/fr\/wp-json\/wp\/v2\/pwb-brand?post=8150"},{"taxonomy":"product_brand","embeddable":true,"href":"https:\/\/www.agronetbrewing.com\/fr\/wp-json\/wp\/v2\/product_brand?post=8150"},{"taxonomy":"product_cat","embeddable":true,"href":"https:\/\/www.agronetbrewing.com\/fr\/wp-json\/wp\/v2\/product_cat?post=8150"},{"taxonomy":"product_tag","embeddable":true,"href":"https:\/\/www.agronetbrewing.com\/fr\/wp-json\/wp\/v2\/product_tag?post=8150"}],"curies":[{"name":"wp","href":"https:\/\/api.w.org\/{rel}","templated":true}]}}