{"id":8151,"date":"2019-06-25T12:31:36","date_gmt":"2019-08-30T06:41:41","guid":{"rendered":"https:\/\/cerveceroscaseros.com\/producto\/antiespumants-foamsol"},"modified":"2021-09-09T15:02:44","modified_gmt":"2021-09-09T15:02:44","slug":"antiespumants-foamsol","status":"publish","type":"product","link":"https:\/\/www.agronetbrewing.com\/fr\/productos\/additifs\/antiespumants\/antiespumants-foamsol\/","title":{"rendered":"Antimousse Foamsol"},"content":{"rendered":"","protected":false},"excerpt":{"rendered":"<p>Foamsol est une \u00e9mulsion \u00e0 base d\u2019eau de dim\u00e9thylpolysiloxane con\u00e7ue pour contr\u00f4ler la mousse produite dans la chaudi\u00e8re et le fermenteur. Le dim\u00e9thylpolysiloxane est un polym\u00e8re inerte extr\u00eamement efficace pour la suppression de la mousse. L&rsquo;effondrement des bulles r\u00e9sulte de la r\u00e9duction de la tension superficielle dans le film liquide.<\/p>\n<ul>\n<li>Augmentation de l&rsquo;utilisation du fermenteur.<\/li>\n<li>Pr\u00e9servation des prot\u00e9ines de mousse positives.<\/li>\n<li>Utilisation accrue d&rsquo;acides alpha<\/li>\n<\/ul>\n","protected":false},"featured_media":7122,"template":"","meta":[],"pwb-brand":[],"product_brand":[],"product_cat":[162],"product_tag":[],"class_list":{"0":"post-8151","1":"product","2":"type-product","3":"status-publish","4":"has-post-thumbnail","6":"product_cat-antiespumants","8":"first","9":"instock","10":"taxable","11":"shipping-taxable","12":"product-type-variable","13":"has-default-attributes","14":"customify-col","15":"product-has-gallery"},"brands":[],"_links":{"self":[{"href":"https:\/\/www.agronetbrewing.com\/fr\/wp-json\/wp\/v2\/product\/8151","targetHints":{"allow":["GET"]}}],"collection":[{"href":"https:\/\/www.agronetbrewing.com\/fr\/wp-json\/wp\/v2\/product"}],"about":[{"href":"https:\/\/www.agronetbrewing.com\/fr\/wp-json\/wp\/v2\/types\/product"}],"version-history":[{"count":0,"href":"https:\/\/www.agronetbrewing.com\/fr\/wp-json\/wp\/v2\/product\/8151\/revisions"}],"wp:featuredmedia":[{"embeddable":true,"href":"https:\/\/www.agronetbrewing.com\/fr\/wp-json\/wp\/v2\/media\/7122"}],"wp:attachment":[{"href":"https:\/\/www.agronetbrewing.com\/fr\/wp-json\/wp\/v2\/media?parent=8151"}],"wp:term":[{"taxonomy":"pwb-brand","embeddable":true,"href":"https:\/\/www.agronetbrewing.com\/fr\/wp-json\/wp\/v2\/pwb-brand?post=8151"},{"taxonomy":"product_brand","embeddable":true,"href":"https:\/\/www.agronetbrewing.com\/fr\/wp-json\/wp\/v2\/product_brand?post=8151"},{"taxonomy":"product_cat","embeddable":true,"href":"https:\/\/www.agronetbrewing.com\/fr\/wp-json\/wp\/v2\/product_cat?post=8151"},{"taxonomy":"product_tag","embeddable":true,"href":"https:\/\/www.agronetbrewing.com\/fr\/wp-json\/wp\/v2\/product_tag?post=8151"}],"curies":[{"name":"wp","href":"https:\/\/api.w.org\/{rel}","templated":true}]}}