{"id":8156,"date":"2019-06-25T12:09:59","date_gmt":"2019-08-30T06:55:17","guid":{"rendered":"https:\/\/cerveceroscaseros.com\/producto\/super-f"},"modified":"2020-03-11T07:19:51","modified_gmt":"2020-03-11T07:19:51","slug":"super-f","status":"publish","type":"product","link":"https:\/\/www.agronetbrewing.com\/fr\/productos\/additifs\/clarificants\/super-f\/","title":{"rendered":"Super F"},"content":{"rendered":"","protected":false},"excerpt":{"rendered":"<p>Super F est une formulation combin\u00e9e sp\u00e9cialement con\u00e7ue pour la s\u00e9dimentation rapide de levures, prot\u00e9ines et autres particules formant une turbidit\u00e9, destin\u00e9e principalement aux bi\u00e8res pr\u00e9par\u00e9es en cuve.<br \/>\nAction rapide clarifiante \u00e0 utiliser dans le conditionnement en cuve de maturation.<\/p>\n<ul>\n<li>Convient pour la mise en bouteille de bi\u00e8res.<\/li>\n<li>Convient pour les bi\u00e8res en f\u00fbt.<\/li>\n<li>De faibles doses sont n\u00e9cessaires.<\/li>\n<li>SUPER F est stable aux temp\u00e9ratures ambiantes.<\/li>\n<\/ul>\n<p>&nbsp;<\/p>\n","protected":false},"featured_media":22343,"template":"","meta":[],"pwb-brand":[],"product_brand":[],"product_cat":[164],"product_tag":[],"class_list":{"0":"post-8156","1":"product","2":"type-product","3":"status-publish","4":"has-post-thumbnail","6":"product_cat-clarificants","8":"first","9":"instock","10":"taxable","11":"shipping-taxable","12":"product-type-variable","13":"has-default-attributes","14":"customify-col","15":"product-has-gallery"},"brands":[],"_links":{"self":[{"href":"https:\/\/www.agronetbrewing.com\/fr\/wp-json\/wp\/v2\/product\/8156","targetHints":{"allow":["GET"]}}],"collection":[{"href":"https:\/\/www.agronetbrewing.com\/fr\/wp-json\/wp\/v2\/product"}],"about":[{"href":"https:\/\/www.agronetbrewing.com\/fr\/wp-json\/wp\/v2\/types\/product"}],"version-history":[{"count":0,"href":"https:\/\/www.agronetbrewing.com\/fr\/wp-json\/wp\/v2\/product\/8156\/revisions"}],"wp:featuredmedia":[{"embeddable":true,"href":"https:\/\/www.agronetbrewing.com\/fr\/wp-json\/wp\/v2\/media\/22343"}],"wp:attachment":[{"href":"https:\/\/www.agronetbrewing.com\/fr\/wp-json\/wp\/v2\/media?parent=8156"}],"wp:term":[{"taxonomy":"pwb-brand","embeddable":true,"href":"https:\/\/www.agronetbrewing.com\/fr\/wp-json\/wp\/v2\/pwb-brand?post=8156"},{"taxonomy":"product_brand","embeddable":true,"href":"https:\/\/www.agronetbrewing.com\/fr\/wp-json\/wp\/v2\/product_brand?post=8156"},{"taxonomy":"product_cat","embeddable":true,"href":"https:\/\/www.agronetbrewing.com\/fr\/wp-json\/wp\/v2\/product_cat?post=8156"},{"taxonomy":"product_tag","embeddable":true,"href":"https:\/\/www.agronetbrewing.com\/fr\/wp-json\/wp\/v2\/product_tag?post=8156"}],"curies":[{"name":"wp","href":"https:\/\/api.w.org\/{rel}","templated":true}]}}