{"id":8157,"date":"2019-06-25T12:08:26","date_gmt":"2019-08-30T06:57:19","guid":{"rendered":"https:\/\/cerveceroscaseros.com\/producto\/protofine"},"modified":"2020-03-11T07:15:33","modified_gmt":"2020-03-11T07:15:33","slug":"protofine","status":"publish","type":"product","link":"https:\/\/www.agronetbrewing.com\/fr\/productos\/additifs\/clarificants\/protofine\/","title":{"rendered":"Protofine"},"content":{"rendered":"","protected":false},"excerpt":{"rendered":"<p>Protofine est une formulation naturelle d\u00e9riv\u00e9e de plantes con\u00e7ue pour favoriser la floculation et la pr\u00e9cipitation de levures et de divers complexes prot\u00e9iques lors du stockage \u00e0 froid de la bi\u00e8re. Les composants actifs de Protofine sont largement utilis\u00e9s dans l&rsquo;industrie alimentaire depuis de nombreuses d\u00e9cennies et ont \u00e9t\u00e9 d\u00e9velopp\u00e9s sp\u00e9cifiquement pour \u00eatre utilis\u00e9s dans la bi\u00e8re.<\/p>\n<ul>\n<li>Plante d\u00e9riv\u00e9e et naturelle.<\/li>\n<li>R\u00e9duction du temps de stockage au froid.<\/li>\n<li>Am\u00e9liore le brouillard et la stabilit\u00e9 de la bi\u00e8re.<\/li>\n<li>Am\u00e9liore les performances de filtration.<\/li>\n<\/ul>\n","protected":false},"featured_media":7092,"template":"","meta":[],"pwb-brand":[],"product_brand":[],"product_cat":[164],"product_tag":[],"class_list":{"0":"post-8157","1":"product","2":"type-product","3":"status-publish","4":"has-post-thumbnail","6":"product_cat-clarificants","8":"first","9":"instock","10":"taxable","11":"shipping-taxable","12":"product-type-variable","13":"has-default-attributes","14":"customify-col","15":"product-has-gallery"},"brands":[],"_links":{"self":[{"href":"https:\/\/www.agronetbrewing.com\/fr\/wp-json\/wp\/v2\/product\/8157","targetHints":{"allow":["GET"]}}],"collection":[{"href":"https:\/\/www.agronetbrewing.com\/fr\/wp-json\/wp\/v2\/product"}],"about":[{"href":"https:\/\/www.agronetbrewing.com\/fr\/wp-json\/wp\/v2\/types\/product"}],"version-history":[{"count":0,"href":"https:\/\/www.agronetbrewing.com\/fr\/wp-json\/wp\/v2\/product\/8157\/revisions"}],"wp:featuredmedia":[{"embeddable":true,"href":"https:\/\/www.agronetbrewing.com\/fr\/wp-json\/wp\/v2\/media\/7092"}],"wp:attachment":[{"href":"https:\/\/www.agronetbrewing.com\/fr\/wp-json\/wp\/v2\/media?parent=8157"}],"wp:term":[{"taxonomy":"pwb-brand","embeddable":true,"href":"https:\/\/www.agronetbrewing.com\/fr\/wp-json\/wp\/v2\/pwb-brand?post=8157"},{"taxonomy":"product_brand","embeddable":true,"href":"https:\/\/www.agronetbrewing.com\/fr\/wp-json\/wp\/v2\/product_brand?post=8157"},{"taxonomy":"product_cat","embeddable":true,"href":"https:\/\/www.agronetbrewing.com\/fr\/wp-json\/wp\/v2\/product_cat?post=8157"},{"taxonomy":"product_tag","embeddable":true,"href":"https:\/\/www.agronetbrewing.com\/fr\/wp-json\/wp\/v2\/product_tag?post=8157"}],"curies":[{"name":"wp","href":"https:\/\/api.w.org\/{rel}","templated":true}]}}