{"id":8158,"date":"2019-06-25T12:06:12","date_gmt":"2019-08-30T06:59:52","guid":{"rendered":"https:\/\/cerveceroscaseros.com\/producto\/protafloc"},"modified":"2020-03-10T12:54:55","modified_gmt":"2020-03-10T12:54:55","slug":"protafloc","status":"publish","type":"product","link":"https:\/\/www.agronetbrewing.com\/fr\/productos\/additifs\/clarificants\/protafloc\/","title":{"rendered":"Protafloc"},"content":{"rendered":"","protected":false},"excerpt":{"rendered":"<p>Clarifiant super concentr\u00e9 extrait de diff\u00e9rents types d\u2019algues servant \u00e0 d\u00e9canter les prot\u00e9ines. Il est ajout\u00e9 \u00e0 la fin du \u00ab\u00a0boil\u00a0\u00bb ou dans le \u00ab\u00a0whirlpool\u00a0\u00bb.<\/p>\n","protected":false},"featured_media":22345,"template":"","meta":[],"pwb-brand":[],"product_brand":[],"product_cat":[164],"product_tag":[],"class_list":{"0":"post-8158","1":"product","2":"type-product","3":"status-publish","4":"has-post-thumbnail","6":"product_cat-clarificants","8":"first","9":"instock","10":"taxable","11":"shipping-taxable","12":"product-type-variable","13":"has-default-attributes","14":"customify-col","15":"product-has-gallery"},"brands":[],"_links":{"self":[{"href":"https:\/\/www.agronetbrewing.com\/fr\/wp-json\/wp\/v2\/product\/8158","targetHints":{"allow":["GET"]}}],"collection":[{"href":"https:\/\/www.agronetbrewing.com\/fr\/wp-json\/wp\/v2\/product"}],"about":[{"href":"https:\/\/www.agronetbrewing.com\/fr\/wp-json\/wp\/v2\/types\/product"}],"version-history":[{"count":0,"href":"https:\/\/www.agronetbrewing.com\/fr\/wp-json\/wp\/v2\/product\/8158\/revisions"}],"wp:featuredmedia":[{"embeddable":true,"href":"https:\/\/www.agronetbrewing.com\/fr\/wp-json\/wp\/v2\/media\/22345"}],"wp:attachment":[{"href":"https:\/\/www.agronetbrewing.com\/fr\/wp-json\/wp\/v2\/media?parent=8158"}],"wp:term":[{"taxonomy":"pwb-brand","embeddable":true,"href":"https:\/\/www.agronetbrewing.com\/fr\/wp-json\/wp\/v2\/pwb-brand?post=8158"},{"taxonomy":"product_brand","embeddable":true,"href":"https:\/\/www.agronetbrewing.com\/fr\/wp-json\/wp\/v2\/product_brand?post=8158"},{"taxonomy":"product_cat","embeddable":true,"href":"https:\/\/www.agronetbrewing.com\/fr\/wp-json\/wp\/v2\/product_cat?post=8158"},{"taxonomy":"product_tag","embeddable":true,"href":"https:\/\/www.agronetbrewing.com\/fr\/wp-json\/wp\/v2\/product_tag?post=8158"}],"curies":[{"name":"wp","href":"https:\/\/api.w.org\/{rel}","templated":true}]}}