{"id":8161,"date":"2019-06-25T12:04:09","date_gmt":"2019-08-30T07:03:18","guid":{"rendered":"https:\/\/cerveceroscaseros.com\/producto\/compac-cg"},"modified":"2021-09-09T14:52:59","modified_gmt":"2021-09-09T14:52:59","slug":"compac-cg","status":"publish","type":"product","link":"https:\/\/www.agronetbrewing.com\/fr\/productos\/additifs\/clarificants\/compac-cg\/","title":{"rendered":"Compac CG"},"content":{"rendered":"","protected":false},"excerpt":{"rendered":"<p>Compac CG est la forme semi-raffin\u00e9e de l\u2019esp\u00e8ce d\u2019algue Euchema cottonii, utilis\u00e9e pour clarifier le mo\u00fbt.<br \/>\nL&rsquo;esp\u00e8ce Euchema cottonii est riche en isom\u00e8re carragh\u00e9nane. Lorsqu&rsquo;il est ajout\u00e9 au mo\u00fbt bouillant, le carragh\u00e9nane kappa r\u00e9agit fortement avec les prot\u00e9ines solubles, en particulier la fraction de pr\u00e9curseur de turbine riche en proline. Lorsque le mo\u00fbt se refroidit, le complexe prot\u00e9ique de carragh\u00e9nane devient instable et pr\u00e9cipite hors de la solution. Le mo\u00fbt r\u00e9sultant d&rsquo;une bi\u00e8re ayant un traitement am\u00e9lior\u00e9.<\/p>\n<ul>\n<li>Meilleur compactage \u00e0 chaud lors du tourbillon.<\/li>\n<li>Am\u00e9liore la vitalit\u00e9 de la levure pendant la fermentation.<\/li>\n<li>Am\u00e9lioration de la filtration &#8211; dur\u00e9e de filtration plus longue.<\/li>\n<li>Brouillard de bi\u00e8re am\u00e9lior\u00e9 et stabilit\u00e9 collo\u00efdale.<\/li>\n<\/ul>\n","protected":false},"featured_media":16901,"template":"","meta":[],"pwb-brand":[],"product_brand":[],"product_cat":[164],"product_tag":[],"class_list":{"0":"post-8161","1":"product","2":"type-product","3":"status-publish","4":"has-post-thumbnail","6":"product_cat-clarificants","8":"first","9":"instock","10":"taxable","11":"shipping-taxable","12":"product-type-variable","13":"has-default-attributes","14":"customify-col","15":"product-has-gallery"},"brands":[],"_links":{"self":[{"href":"https:\/\/www.agronetbrewing.com\/fr\/wp-json\/wp\/v2\/product\/8161","targetHints":{"allow":["GET"]}}],"collection":[{"href":"https:\/\/www.agronetbrewing.com\/fr\/wp-json\/wp\/v2\/product"}],"about":[{"href":"https:\/\/www.agronetbrewing.com\/fr\/wp-json\/wp\/v2\/types\/product"}],"version-history":[{"count":0,"href":"https:\/\/www.agronetbrewing.com\/fr\/wp-json\/wp\/v2\/product\/8161\/revisions"}],"wp:featuredmedia":[{"embeddable":true,"href":"https:\/\/www.agronetbrewing.com\/fr\/wp-json\/wp\/v2\/media\/16901"}],"wp:attachment":[{"href":"https:\/\/www.agronetbrewing.com\/fr\/wp-json\/wp\/v2\/media?parent=8161"}],"wp:term":[{"taxonomy":"pwb-brand","embeddable":true,"href":"https:\/\/www.agronetbrewing.com\/fr\/wp-json\/wp\/v2\/pwb-brand?post=8161"},{"taxonomy":"product_brand","embeddable":true,"href":"https:\/\/www.agronetbrewing.com\/fr\/wp-json\/wp\/v2\/product_brand?post=8161"},{"taxonomy":"product_cat","embeddable":true,"href":"https:\/\/www.agronetbrewing.com\/fr\/wp-json\/wp\/v2\/product_cat?post=8161"},{"taxonomy":"product_tag","embeddable":true,"href":"https:\/\/www.agronetbrewing.com\/fr\/wp-json\/wp\/v2\/product_tag?post=8161"}],"curies":[{"name":"wp","href":"https:\/\/api.w.org\/{rel}","templated":true}]}}