{"id":8163,"date":"2025-02-12T09:23:17","date_gmt":"2019-08-30T07:04:55","guid":{"rendered":"https:\/\/cerveceroscaseros.com\/producto\/essential-series-lager"},"modified":"2025-02-12T09:21:33","modified_gmt":"2025-02-12T08:21:33","slug":"essential-series-lager","status":"publish","type":"product","link":"https:\/\/www.agronetbrewing.com\/fr\/productos\/levure-et-bacteries\/lallemand-fr\/essential-series-fr\/essential-series-lager\/","title":{"rendered":"LalBrew\u00ae Essential Series Lager"},"content":{"rendered":"","protected":false},"excerpt":{"rendered":"<p>Une souche de Saccharomyces pastorianus s\u00e9lectionn\u00e9e dans la collection de cultures de levures Lallemand pour des saveurs authentiques de bi\u00e8re blonde et des performances constantes pour le brassage de styles de bi\u00e8res blondes traditionnelles.<\/p>\n","protected":false},"featured_media":23972,"template":"","meta":[],"pwb-brand":[],"product_brand":[],"product_cat":[160],"product_tag":[],"class_list":{"0":"post-8163","1":"product","2":"type-product","3":"status-publish","4":"has-post-thumbnail","6":"product_cat-essential-series-fr","8":"first","9":"instock","10":"taxable","11":"shipping-taxable","12":"product-type-variable","13":"has-default-attributes","14":"customify-col","15":"product-has-gallery"},"brands":[],"_links":{"self":[{"href":"https:\/\/www.agronetbrewing.com\/fr\/wp-json\/wp\/v2\/product\/8163","targetHints":{"allow":["GET"]}}],"collection":[{"href":"https:\/\/www.agronetbrewing.com\/fr\/wp-json\/wp\/v2\/product"}],"about":[{"href":"https:\/\/www.agronetbrewing.com\/fr\/wp-json\/wp\/v2\/types\/product"}],"version-history":[{"count":1,"href":"https:\/\/www.agronetbrewing.com\/fr\/wp-json\/wp\/v2\/product\/8163\/revisions"}],"predecessor-version":[{"id":23978,"href":"https:\/\/www.agronetbrewing.com\/fr\/wp-json\/wp\/v2\/product\/8163\/revisions\/23978"}],"wp:featuredmedia":[{"embeddable":true,"href":"https:\/\/www.agronetbrewing.com\/fr\/wp-json\/wp\/v2\/media\/23972"}],"wp:attachment":[{"href":"https:\/\/www.agronetbrewing.com\/fr\/wp-json\/wp\/v2\/media?parent=8163"}],"wp:term":[{"taxonomy":"pwb-brand","embeddable":true,"href":"https:\/\/www.agronetbrewing.com\/fr\/wp-json\/wp\/v2\/pwb-brand?post=8163"},{"taxonomy":"product_brand","embeddable":true,"href":"https:\/\/www.agronetbrewing.com\/fr\/wp-json\/wp\/v2\/product_brand?post=8163"},{"taxonomy":"product_cat","embeddable":true,"href":"https:\/\/www.agronetbrewing.com\/fr\/wp-json\/wp\/v2\/product_cat?post=8163"},{"taxonomy":"product_tag","embeddable":true,"href":"https:\/\/www.agronetbrewing.com\/fr\/wp-json\/wp\/v2\/product_tag?post=8163"}],"curies":[{"name":"wp","href":"https:\/\/api.w.org\/{rel}","templated":true}]}}