{"id":8164,"date":"2019-06-25T11:57:09","date_gmt":"2019-08-30T07:08:16","guid":{"rendered":"https:\/\/cerveceroscaseros.com\/producto\/brewers-compass"},"modified":"2020-03-10T12:29:07","modified_gmt":"2020-03-10T12:29:07","slug":"brewers-compass","status":"publish","type":"product","link":"https:\/\/www.agronetbrewing.com\/fr\/productos\/additifs\/enzymes\/brewers-compass\/","title":{"rendered":"Brewers Compass"},"content":{"rendered":"","protected":false},"excerpt":{"rendered":"<p>C&rsquo;est notre enzyme qui facilite le processus de fermentation lorsque nous travaillons de l&rsquo;orge malt\u00e9e, en petites quantit\u00e9s ou jusqu&rsquo;\u00e0 100% de cebeda sans maltage. C&rsquo;est un cocktail enzymatique complexe qui contient toutes sortes d&rsquo;activit\u00e9s enzymatiques pour compenser le manque de maltage.<\/p>\n<p style=\"text-align: center;\">\n","protected":false},"featured_media":23945,"template":"","meta":[],"pwb-brand":[],"product_brand":[],"product_cat":[157],"product_tag":[],"class_list":{"0":"post-8164","1":"product","2":"type-product","3":"status-publish","4":"has-post-thumbnail","6":"product_cat-enzymes","8":"first","9":"instock","10":"taxable","11":"shipping-taxable","12":"product-type-variable","13":"has-default-attributes","14":"customify-col","15":"product-has-gallery"},"brands":[],"_links":{"self":[{"href":"https:\/\/www.agronetbrewing.com\/fr\/wp-json\/wp\/v2\/product\/8164","targetHints":{"allow":["GET"]}}],"collection":[{"href":"https:\/\/www.agronetbrewing.com\/fr\/wp-json\/wp\/v2\/product"}],"about":[{"href":"https:\/\/www.agronetbrewing.com\/fr\/wp-json\/wp\/v2\/types\/product"}],"version-history":[{"count":1,"href":"https:\/\/www.agronetbrewing.com\/fr\/wp-json\/wp\/v2\/product\/8164\/revisions"}],"predecessor-version":[{"id":16314,"href":"https:\/\/www.agronetbrewing.com\/fr\/wp-json\/wp\/v2\/product\/8164\/revisions\/16314"}],"wp:featuredmedia":[{"embeddable":true,"href":"https:\/\/www.agronetbrewing.com\/fr\/wp-json\/wp\/v2\/media\/23945"}],"wp:attachment":[{"href":"https:\/\/www.agronetbrewing.com\/fr\/wp-json\/wp\/v2\/media?parent=8164"}],"wp:term":[{"taxonomy":"pwb-brand","embeddable":true,"href":"https:\/\/www.agronetbrewing.com\/fr\/wp-json\/wp\/v2\/pwb-brand?post=8164"},{"taxonomy":"product_brand","embeddable":true,"href":"https:\/\/www.agronetbrewing.com\/fr\/wp-json\/wp\/v2\/product_brand?post=8164"},{"taxonomy":"product_cat","embeddable":true,"href":"https:\/\/www.agronetbrewing.com\/fr\/wp-json\/wp\/v2\/product_cat?post=8164"},{"taxonomy":"product_tag","embeddable":true,"href":"https:\/\/www.agronetbrewing.com\/fr\/wp-json\/wp\/v2\/product_tag?post=8164"}],"curies":[{"name":"wp","href":"https:\/\/api.w.org\/{rel}","templated":true}]}}