{"id":8169,"date":"2019-06-25T11:45:19","date_gmt":"2019-08-30T07:19:08","guid":{"rendered":"https:\/\/cerveceroscaseros.com\/producto\/sulfate-de-magnesium"},"modified":"2020-03-10T11:59:39","modified_gmt":"2020-03-10T11:59:39","slug":"sulfate-de-magnesium","status":"publish","type":"product","link":"https:\/\/www.agronetbrewing.com\/fr\/productos\/additifs\/traitement-de-leau\/sulfate-de-magnesium\/","title":{"rendered":"Sulfate de Magnesium"},"content":{"rendered":"","protected":false},"excerpt":{"rendered":"<p>Le sulfate de magn\u00e9sium est utilis\u00e9 pour r\u00e9duire mod\u00e9r\u00e9ment le pH d&rsquo;un mo\u00fbt.<\/p>\n","protected":false},"featured_media":16893,"template":"","meta":[],"pwb-brand":[],"product_brand":[],"product_cat":[165],"product_tag":[],"class_list":{"0":"post-8169","1":"product","2":"type-product","3":"status-publish","4":"has-post-thumbnail","6":"product_cat-traitement-de-leau","8":"first","9":"instock","10":"taxable","11":"shipping-taxable","12":"product-type-variable","13":"has-default-attributes","14":"customify-col"},"brands":[],"_links":{"self":[{"href":"https:\/\/www.agronetbrewing.com\/fr\/wp-json\/wp\/v2\/product\/8169","targetHints":{"allow":["GET"]}}],"collection":[{"href":"https:\/\/www.agronetbrewing.com\/fr\/wp-json\/wp\/v2\/product"}],"about":[{"href":"https:\/\/www.agronetbrewing.com\/fr\/wp-json\/wp\/v2\/types\/product"}],"version-history":[{"count":0,"href":"https:\/\/www.agronetbrewing.com\/fr\/wp-json\/wp\/v2\/product\/8169\/revisions"}],"wp:featuredmedia":[{"embeddable":true,"href":"https:\/\/www.agronetbrewing.com\/fr\/wp-json\/wp\/v2\/media\/16893"}],"wp:attachment":[{"href":"https:\/\/www.agronetbrewing.com\/fr\/wp-json\/wp\/v2\/media?parent=8169"}],"wp:term":[{"taxonomy":"pwb-brand","embeddable":true,"href":"https:\/\/www.agronetbrewing.com\/fr\/wp-json\/wp\/v2\/pwb-brand?post=8169"},{"taxonomy":"product_brand","embeddable":true,"href":"https:\/\/www.agronetbrewing.com\/fr\/wp-json\/wp\/v2\/product_brand?post=8169"},{"taxonomy":"product_cat","embeddable":true,"href":"https:\/\/www.agronetbrewing.com\/fr\/wp-json\/wp\/v2\/product_cat?post=8169"},{"taxonomy":"product_tag","embeddable":true,"href":"https:\/\/www.agronetbrewing.com\/fr\/wp-json\/wp\/v2\/product_tag?post=8169"}],"curies":[{"name":"wp","href":"https:\/\/api.w.org\/{rel}","templated":true}]}}