{"id":8175,"date":"2019-06-21T08:08:10","date_gmt":"2019-08-30T07:27:05","guid":{"rendered":"https:\/\/cerveceroscaseros.com\/producto\/advanced-off-flavor-kit"},"modified":"2024-02-12T10:17:51","modified_gmt":"2024-02-12T10:17:51","slug":"advanced-off-flavor-kit","status":"publish","type":"product","link":"https:\/\/www.agronetbrewing.com\/fr\/productos\/kits-sensoriels\/advanced-off-flavor-kit\/","title":{"rendered":"Advanced Off-Flavor Kit"},"content":{"rendered":"","protected":false},"excerpt":{"rendered":"<p>Le kit Advanced Off-Flavour propose 18 compos\u00e9s diff\u00e9rents qui couvrent tout le spectre des ar\u00f4mes n\u00e9fastes essentiels \u00e0 la connaissance et \u00e0 l\u2019\u00e9valuation pr\u00e9cise des d\u00e9gustateurs de bi\u00e8re.<\/p>\n","protected":false},"featured_media":5918,"template":"","meta":[],"pwb-brand":[],"product_brand":[],"product_cat":[166],"product_tag":[],"class_list":{"0":"post-8175","1":"product","2":"type-product","3":"status-publish","4":"has-post-thumbnail","6":"product_cat-kits-sensoriels","8":"first","9":"instock","10":"taxable","11":"shipping-taxable","12":"product-type-simple","13":"customify-col","14":"product-has-gallery"},"brands":[],"_links":{"self":[{"href":"https:\/\/www.agronetbrewing.com\/fr\/wp-json\/wp\/v2\/product\/8175","targetHints":{"allow":["GET"]}}],"collection":[{"href":"https:\/\/www.agronetbrewing.com\/fr\/wp-json\/wp\/v2\/product"}],"about":[{"href":"https:\/\/www.agronetbrewing.com\/fr\/wp-json\/wp\/v2\/types\/product"}],"version-history":[{"count":1,"href":"https:\/\/www.agronetbrewing.com\/fr\/wp-json\/wp\/v2\/product\/8175\/revisions"}],"predecessor-version":[{"id":22952,"href":"https:\/\/www.agronetbrewing.com\/fr\/wp-json\/wp\/v2\/product\/8175\/revisions\/22952"}],"wp:featuredmedia":[{"embeddable":true,"href":"https:\/\/www.agronetbrewing.com\/fr\/wp-json\/wp\/v2\/media\/5918"}],"wp:attachment":[{"href":"https:\/\/www.agronetbrewing.com\/fr\/wp-json\/wp\/v2\/media?parent=8175"}],"wp:term":[{"taxonomy":"pwb-brand","embeddable":true,"href":"https:\/\/www.agronetbrewing.com\/fr\/wp-json\/wp\/v2\/pwb-brand?post=8175"},{"taxonomy":"product_brand","embeddable":true,"href":"https:\/\/www.agronetbrewing.com\/fr\/wp-json\/wp\/v2\/product_brand?post=8175"},{"taxonomy":"product_cat","embeddable":true,"href":"https:\/\/www.agronetbrewing.com\/fr\/wp-json\/wp\/v2\/product_cat?post=8175"},{"taxonomy":"product_tag","embeddable":true,"href":"https:\/\/www.agronetbrewing.com\/fr\/wp-json\/wp\/v2\/product_tag?post=8175"}],"curies":[{"name":"wp","href":"https:\/\/api.w.org\/{rel}","templated":true}]}}