{"id":8179,"date":"2019-06-21T07:53:37","date_gmt":"2019-08-30T08:03:09","guid":{"rendered":"https:\/\/cerveceroscaseros.com\/producto\/regular-sensory-kit"},"modified":"2020-09-08T06:29:25","modified_gmt":"2020-09-08T06:29:25","slug":"regular-sensory-kit","status":"publish","type":"product","link":"https:\/\/www.agronetbrewing.com\/fr\/productos\/kits-sensoriels\/regular-sensory-kit\/","title":{"rendered":"Regular Sensory Kit"},"content":{"rendered":"","protected":false},"excerpt":{"rendered":"<p>Le Regular Sensory Kit ofrece una un m\u00e9lange pr\u00e9s\u00e9lectionn\u00e9 de 12 des ar\u00f4mes et des ar\u00f4mes les plus courants de la bi\u00e8re. Chaque flacon de la trousse fournit une saveur sp\u00e9cifique et vous permet d&rsquo;ajouter 1 litre de bi\u00e8re. Il convient \u00e0 la formation interm\u00e9diaire des \u00e9quipements de d\u00e9gustation et aux groupes de 10 personnes maximum.<\/p>\n","protected":false},"featured_media":5906,"template":"","meta":[],"pwb-brand":[],"product_brand":[],"product_cat":[166],"product_tag":[],"class_list":{"0":"post-8179","1":"product","2":"type-product","3":"status-publish","4":"has-post-thumbnail","6":"product_cat-kits-sensoriels","8":"first","9":"instock","10":"taxable","11":"shipping-taxable","12":"product-type-simple","13":"customify-col","14":"product-has-gallery"},"brands":[],"_links":{"self":[{"href":"https:\/\/www.agronetbrewing.com\/fr\/wp-json\/wp\/v2\/product\/8179","targetHints":{"allow":["GET"]}}],"collection":[{"href":"https:\/\/www.agronetbrewing.com\/fr\/wp-json\/wp\/v2\/product"}],"about":[{"href":"https:\/\/www.agronetbrewing.com\/fr\/wp-json\/wp\/v2\/types\/product"}],"version-history":[{"count":0,"href":"https:\/\/www.agronetbrewing.com\/fr\/wp-json\/wp\/v2\/product\/8179\/revisions"}],"wp:featuredmedia":[{"embeddable":true,"href":"https:\/\/www.agronetbrewing.com\/fr\/wp-json\/wp\/v2\/media\/5906"}],"wp:attachment":[{"href":"https:\/\/www.agronetbrewing.com\/fr\/wp-json\/wp\/v2\/media?parent=8179"}],"wp:term":[{"taxonomy":"pwb-brand","embeddable":true,"href":"https:\/\/www.agronetbrewing.com\/fr\/wp-json\/wp\/v2\/pwb-brand?post=8179"},{"taxonomy":"product_brand","embeddable":true,"href":"https:\/\/www.agronetbrewing.com\/fr\/wp-json\/wp\/v2\/product_brand?post=8179"},{"taxonomy":"product_cat","embeddable":true,"href":"https:\/\/www.agronetbrewing.com\/fr\/wp-json\/wp\/v2\/product_cat?post=8179"},{"taxonomy":"product_tag","embeddable":true,"href":"https:\/\/www.agronetbrewing.com\/fr\/wp-json\/wp\/v2\/product_tag?post=8179"}],"curies":[{"name":"wp","href":"https:\/\/api.w.org\/{rel}","templated":true}]}}