{"id":8184,"date":"2019-06-21T07:48:44","date_gmt":"2019-08-30T08:05:50","guid":{"rendered":"https:\/\/cerveceroscaseros.com\/producto\/specialty-sensory-kit"},"modified":"2020-09-08T06:28:41","modified_gmt":"2020-09-08T06:28:41","slug":"specialty-sensory-kit","status":"publish","type":"product","link":"https:\/\/www.agronetbrewing.com\/fr\/productos\/kits-sensoriels\/specialty-sensory-kit\/","title":{"rendered":"Specialty Sensory Kit"},"content":{"rendered":"","protected":false},"excerpt":{"rendered":"<p>Ce kit est compos\u00e9 de 24 flacons d&rsquo;une seule saveur et chaque flacon permet d&rsquo;ajouter 1 litre de bi\u00e8re. Ce kit est id\u00e9al pour un entra\u00eenement sensoriel de base habituel.<\/p>\n","protected":false},"featured_media":5897,"template":"","meta":[],"pwb-brand":[],"product_brand":[],"product_cat":[166],"product_tag":[],"class_list":{"0":"post-8184","1":"product","2":"type-product","3":"status-publish","4":"has-post-thumbnail","6":"product_cat-kits-sensoriels","8":"first","9":"instock","10":"taxable","11":"shipping-taxable","12":"product-type-simple","13":"customify-col","14":"product-has-gallery"},"brands":[],"_links":{"self":[{"href":"https:\/\/www.agronetbrewing.com\/fr\/wp-json\/wp\/v2\/product\/8184","targetHints":{"allow":["GET"]}}],"collection":[{"href":"https:\/\/www.agronetbrewing.com\/fr\/wp-json\/wp\/v2\/product"}],"about":[{"href":"https:\/\/www.agronetbrewing.com\/fr\/wp-json\/wp\/v2\/types\/product"}],"version-history":[{"count":0,"href":"https:\/\/www.agronetbrewing.com\/fr\/wp-json\/wp\/v2\/product\/8184\/revisions"}],"wp:featuredmedia":[{"embeddable":true,"href":"https:\/\/www.agronetbrewing.com\/fr\/wp-json\/wp\/v2\/media\/5897"}],"wp:attachment":[{"href":"https:\/\/www.agronetbrewing.com\/fr\/wp-json\/wp\/v2\/media?parent=8184"}],"wp:term":[{"taxonomy":"pwb-brand","embeddable":true,"href":"https:\/\/www.agronetbrewing.com\/fr\/wp-json\/wp\/v2\/pwb-brand?post=8184"},{"taxonomy":"product_brand","embeddable":true,"href":"https:\/\/www.agronetbrewing.com\/fr\/wp-json\/wp\/v2\/product_brand?post=8184"},{"taxonomy":"product_cat","embeddable":true,"href":"https:\/\/www.agronetbrewing.com\/fr\/wp-json\/wp\/v2\/product_cat?post=8184"},{"taxonomy":"product_tag","embeddable":true,"href":"https:\/\/www.agronetbrewing.com\/fr\/wp-json\/wp\/v2\/product_tag?post=8184"}],"curies":[{"name":"wp","href":"https:\/\/api.w.org\/{rel}","templated":true}]}}