{"id":8186,"date":"2019-06-21T07:43:09","date_gmt":"2019-08-30T08:12:11","guid":{"rendered":"https:\/\/cerveceroscaseros.com\/producto\/comprehensive-sensory-kit"},"modified":"2020-09-08T06:28:43","modified_gmt":"2020-09-08T06:28:43","slug":"comprehensive-sensory-kit","status":"publish","type":"product","link":"https:\/\/www.agronetbrewing.com\/fr\/productos\/kits-sensoriels\/comprehensive-sensory-kit\/","title":{"rendered":"Comprehensive Sensory Kit"},"content":{"rendered":"","protected":false},"excerpt":{"rendered":"<p>Ce kit contient 25 flacons repr\u00e9sentant une grande vari\u00e9t\u00e9 des ar\u00f4mes et des ar\u00f4mes les plus importants de la bi\u00e8re.<\/p>\n","protected":false},"featured_media":5891,"template":"","meta":[],"pwb-brand":[],"product_brand":[],"product_cat":[166],"product_tag":[],"class_list":{"0":"post-8186","1":"product","2":"type-product","3":"status-publish","4":"has-post-thumbnail","6":"product_cat-kits-sensoriels","8":"first","9":"instock","10":"taxable","11":"shipping-taxable","12":"product-type-simple","13":"customify-col","14":"product-has-gallery"},"brands":[],"_links":{"self":[{"href":"https:\/\/www.agronetbrewing.com\/fr\/wp-json\/wp\/v2\/product\/8186","targetHints":{"allow":["GET"]}}],"collection":[{"href":"https:\/\/www.agronetbrewing.com\/fr\/wp-json\/wp\/v2\/product"}],"about":[{"href":"https:\/\/www.agronetbrewing.com\/fr\/wp-json\/wp\/v2\/types\/product"}],"version-history":[{"count":0,"href":"https:\/\/www.agronetbrewing.com\/fr\/wp-json\/wp\/v2\/product\/8186\/revisions"}],"wp:featuredmedia":[{"embeddable":true,"href":"https:\/\/www.agronetbrewing.com\/fr\/wp-json\/wp\/v2\/media\/5891"}],"wp:attachment":[{"href":"https:\/\/www.agronetbrewing.com\/fr\/wp-json\/wp\/v2\/media?parent=8186"}],"wp:term":[{"taxonomy":"pwb-brand","embeddable":true,"href":"https:\/\/www.agronetbrewing.com\/fr\/wp-json\/wp\/v2\/pwb-brand?post=8186"},{"taxonomy":"product_brand","embeddable":true,"href":"https:\/\/www.agronetbrewing.com\/fr\/wp-json\/wp\/v2\/product_brand?post=8186"},{"taxonomy":"product_cat","embeddable":true,"href":"https:\/\/www.agronetbrewing.com\/fr\/wp-json\/wp\/v2\/product_cat?post=8186"},{"taxonomy":"product_tag","embeddable":true,"href":"https:\/\/www.agronetbrewing.com\/fr\/wp-json\/wp\/v2\/product_tag?post=8186"}],"curies":[{"name":"wp","href":"https:\/\/api.w.org\/{rel}","templated":true}]}}