{"id":8197,"date":"2019-06-20T13:11:26","date_gmt":"2019-08-30T08:42:19","guid":{"rendered":"https:\/\/cerveceroscaseros.com\/producto\/equilibre-serie-rz15"},"modified":"2019-09-18T08:15:59","modified_gmt":"2019-09-18T08:15:59","slug":"balance-serie-rz15","status":"publish","type":"product","link":"https:\/\/www.agronetbrewing.com\/fr\/productos\/instruments-de-mesure\/ecailles\/balance-serie-rz15\/","title":{"rendered":"Balance s\u00e9rie RZ15"},"content":{"rendered":"","protected":false},"excerpt":{"rendered":"<p>Clavier multifonctionnel<br \/>\nLimites de poids avec indication acoustique et visuelle.<br \/>\n4 niveaux de fonction autohold.<br \/>\nComptage de pi\u00e8ces<br \/>\nForte accumulation.<br \/>\nM\u00e9morisation de la derni\u00e8re pes\u00e9e.<br \/>\nEntr\u00e9e directe de donn\u00e9es USB sur un PC sans logiciel (en option).<br \/>\nConnexion d&rsquo;imprimante (facultatif).<br \/>\n<b>Capacit\u00e9:<\/b> 15kg<br \/>\n<b>R\u00e9solution:<\/b> 1g<br \/>\n<b>Dimension plateau:<\/b> 294x228mm<br \/>\n<b>Dimension Balance:<\/b> 330x289x104mm<\/p>\n","protected":false},"featured_media":5867,"template":"","meta":[],"pwb-brand":[],"product_brand":[],"product_cat":[169],"product_tag":[],"class_list":{"0":"post-8197","1":"product","2":"type-product","3":"status-publish","4":"has-post-thumbnail","6":"product_cat-ecailles","8":"first","9":"instock","10":"taxable","11":"shipping-taxable","12":"product-type-simple","13":"customify-col"},"brands":[],"_links":{"self":[{"href":"https:\/\/www.agronetbrewing.com\/fr\/wp-json\/wp\/v2\/product\/8197","targetHints":{"allow":["GET"]}}],"collection":[{"href":"https:\/\/www.agronetbrewing.com\/fr\/wp-json\/wp\/v2\/product"}],"about":[{"href":"https:\/\/www.agronetbrewing.com\/fr\/wp-json\/wp\/v2\/types\/product"}],"version-history":[{"count":0,"href":"https:\/\/www.agronetbrewing.com\/fr\/wp-json\/wp\/v2\/product\/8197\/revisions"}],"wp:featuredmedia":[{"embeddable":true,"href":"https:\/\/www.agronetbrewing.com\/fr\/wp-json\/wp\/v2\/media\/5867"}],"wp:attachment":[{"href":"https:\/\/www.agronetbrewing.com\/fr\/wp-json\/wp\/v2\/media?parent=8197"}],"wp:term":[{"taxonomy":"pwb-brand","embeddable":true,"href":"https:\/\/www.agronetbrewing.com\/fr\/wp-json\/wp\/v2\/pwb-brand?post=8197"},{"taxonomy":"product_brand","embeddable":true,"href":"https:\/\/www.agronetbrewing.com\/fr\/wp-json\/wp\/v2\/product_brand?post=8197"},{"taxonomy":"product_cat","embeddable":true,"href":"https:\/\/www.agronetbrewing.com\/fr\/wp-json\/wp\/v2\/product_cat?post=8197"},{"taxonomy":"product_tag","embeddable":true,"href":"https:\/\/www.agronetbrewing.com\/fr\/wp-json\/wp\/v2\/product_tag?post=8197"}],"curies":[{"name":"wp","href":"https:\/\/api.w.org\/{rel}","templated":true}]}}