{"id":8199,"date":"2019-06-20T13:10:20","date_gmt":"2019-08-30T08:52:34","guid":{"rendered":"https:\/\/cerveceroscaseros.com\/producto\/balance-serie-missil-f1-30"},"modified":"2019-09-18T08:16:00","modified_gmt":"2019-09-18T08:16:00","slug":"balance-serie-missil-f1-30","status":"publish","type":"product","link":"https:\/\/www.agronetbrewing.com\/fr\/productos\/instruments-de-mesure\/ecailles\/balance-serie-missil-f1-30\/","title":{"rendered":"Balance Serie MISSIL F1-30"},"content":{"rendered":"","protected":false},"excerpt":{"rendered":"<p>Plate-forme avec plaque et colonne en acier inoxydable.<br \/>\nM\u00e9moire de 20 tares num\u00e9riques.<br \/>\nM\u00e9morisation de la derni\u00e8re pes\u00e9e.<br \/>\nM\u00e9moire de 100 produits pour le compte de pi\u00e8ces..<br \/>\nConnexion optionnelle pour imprimante et PC ou affichage \u00e0 distance.<br \/>\nImprimante PR3W sans fil en option.<br \/>\n<b>Capacit\u00e9:<\/b> 30kg<br \/>\n<b>R\u00e9solution:<\/b> 5g<br \/>\n<b>Dimension de la plate-forme:<\/b> 5g<br \/>\n<b>Dimensions balance:<\/b> 886x415x350mm<\/p>\n","protected":false},"featured_media":6174,"template":"","meta":[],"pwb-brand":[],"product_brand":[],"product_cat":[169],"product_tag":[],"class_list":{"0":"post-8199","1":"product","2":"type-product","3":"status-publish","4":"has-post-thumbnail","6":"product_cat-ecailles","8":"first","9":"instock","10":"taxable","11":"shipping-taxable","12":"product-type-simple","13":"customify-col"},"brands":[],"_links":{"self":[{"href":"https:\/\/www.agronetbrewing.com\/fr\/wp-json\/wp\/v2\/product\/8199","targetHints":{"allow":["GET"]}}],"collection":[{"href":"https:\/\/www.agronetbrewing.com\/fr\/wp-json\/wp\/v2\/product"}],"about":[{"href":"https:\/\/www.agronetbrewing.com\/fr\/wp-json\/wp\/v2\/types\/product"}],"version-history":[{"count":0,"href":"https:\/\/www.agronetbrewing.com\/fr\/wp-json\/wp\/v2\/product\/8199\/revisions"}],"wp:featuredmedia":[{"embeddable":true,"href":"https:\/\/www.agronetbrewing.com\/fr\/wp-json\/wp\/v2\/media\/6174"}],"wp:attachment":[{"href":"https:\/\/www.agronetbrewing.com\/fr\/wp-json\/wp\/v2\/media?parent=8199"}],"wp:term":[{"taxonomy":"pwb-brand","embeddable":true,"href":"https:\/\/www.agronetbrewing.com\/fr\/wp-json\/wp\/v2\/pwb-brand?post=8199"},{"taxonomy":"product_brand","embeddable":true,"href":"https:\/\/www.agronetbrewing.com\/fr\/wp-json\/wp\/v2\/product_brand?post=8199"},{"taxonomy":"product_cat","embeddable":true,"href":"https:\/\/www.agronetbrewing.com\/fr\/wp-json\/wp\/v2\/product_cat?post=8199"},{"taxonomy":"product_tag","embeddable":true,"href":"https:\/\/www.agronetbrewing.com\/fr\/wp-json\/wp\/v2\/product_tag?post=8199"}],"curies":[{"name":"wp","href":"https:\/\/api.w.org\/{rel}","templated":true}]}}