{"id":8208,"date":"2019-06-20T12:52:38","date_gmt":"2019-08-30T09:28:57","guid":{"rendered":"https:\/\/cerveceroscaseros.com\/producto\/thermometre-etanche-ideal-pour-le-lave-vaisselle-reference-810-275"},"modified":"2019-09-18T08:16:04","modified_gmt":"2019-09-18T08:16:04","slug":"thermometre-etanche-ideal-pour-le-lave-vaisselle-ref-810-275","status":"publish","type":"product","link":"https:\/\/www.agronetbrewing.com\/fr\/productos\/instruments-de-mesure\/temperatures\/thermometre-etanche-ideal-pour-le-lave-vaisselle-ref-810-275\/","title":{"rendered":"Thermom\u00e8tre \u00e9tanche id\u00e9al pour le lave-vaisselle &#8211; r\u00e9f\u00e9rence 810-275"},"content":{"rendered":"","protected":false},"excerpt":{"rendered":"<ul>\n<li>Fonction m\u00e9moire max \/ min<\/li>\n<li>Avec couverture en silicone<\/li>\n<\/ul>\n","protected":false},"featured_media":6504,"template":"","meta":[],"pwb-brand":[],"product_brand":[],"product_cat":[171],"product_tag":[],"class_list":{"0":"post-8208","1":"product","2":"type-product","3":"status-publish","4":"has-post-thumbnail","6":"product_cat-temperatures","8":"first","9":"instock","10":"taxable","11":"shipping-taxable","12":"product-type-simple","13":"customify-col"},"brands":[],"_links":{"self":[{"href":"https:\/\/www.agronetbrewing.com\/fr\/wp-json\/wp\/v2\/product\/8208","targetHints":{"allow":["GET"]}}],"collection":[{"href":"https:\/\/www.agronetbrewing.com\/fr\/wp-json\/wp\/v2\/product"}],"about":[{"href":"https:\/\/www.agronetbrewing.com\/fr\/wp-json\/wp\/v2\/types\/product"}],"version-history":[{"count":0,"href":"https:\/\/www.agronetbrewing.com\/fr\/wp-json\/wp\/v2\/product\/8208\/revisions"}],"wp:featuredmedia":[{"embeddable":true,"href":"https:\/\/www.agronetbrewing.com\/fr\/wp-json\/wp\/v2\/media\/6504"}],"wp:attachment":[{"href":"https:\/\/www.agronetbrewing.com\/fr\/wp-json\/wp\/v2\/media?parent=8208"}],"wp:term":[{"taxonomy":"pwb-brand","embeddable":true,"href":"https:\/\/www.agronetbrewing.com\/fr\/wp-json\/wp\/v2\/pwb-brand?post=8208"},{"taxonomy":"product_brand","embeddable":true,"href":"https:\/\/www.agronetbrewing.com\/fr\/wp-json\/wp\/v2\/product_brand?post=8208"},{"taxonomy":"product_cat","embeddable":true,"href":"https:\/\/www.agronetbrewing.com\/fr\/wp-json\/wp\/v2\/product_cat?post=8208"},{"taxonomy":"product_tag","embeddable":true,"href":"https:\/\/www.agronetbrewing.com\/fr\/wp-json\/wp\/v2\/product_tag?post=8208"}],"curies":[{"name":"wp","href":"https:\/\/api.w.org\/{rel}","templated":true}]}}