{"id":8214,"date":"2019-06-19T09:06:02","date_gmt":"2019-08-30T09:59:13","guid":{"rendered":"https:\/\/cerveceroscaseros.com\/producto\/compteur-multiparametrique-edge"},"modified":"2020-03-17T11:18:08","modified_gmt":"2020-03-17T11:18:08","slug":"compteu-multiparametrique","status":"publish","type":"product","link":"https:\/\/www.agronetbrewing.com\/fr\/productos\/instruments-de-mesure\/ph-conductivite-et-deceled-oxygene\/compteu-multiparametrique\/","title":{"rendered":"Compteur multiparam\u00e9trique EDGE"},"content":{"rendered":"","protected":false},"excerpt":{"rendered":"<p>Possibilit\u00e9 de mesurer l&rsquo;oxyg\u00e8ne dissous \/ conductivit\u00e9 et le pH en changeant simplement de sonde.<br \/>\nPossibilit\u00e9 de mesurer l\u2019oxyg\u00e8ne dissous \/ conductivit\u00e9 et pH en changeant simplement de sonde.<br \/>\nLes capteurs intelligents int\u00e8grent une puce interne qui stocke toutes les donn\u00e9es GPL et les transf\u00e8re \u00e0 l&rsquo;\u00e9quipement.<br \/>\nL&rsquo;enregistrement de donn\u00e9es et la sortie USB vous permettent de sauvegarder jusqu&rsquo;\u00e0 1000 enregistrements et de les t\u00e9l\u00e9charger sur une m\u00e9moire USB externe.<\/p>\n","protected":false},"featured_media":15946,"template":"","meta":[],"pwb-brand":[],"product_brand":[],"product_cat":[147],"product_tag":[],"class_list":{"0":"post-8214","1":"product","2":"type-product","3":"status-publish","4":"has-post-thumbnail","6":"product_cat-ph-conductivite-et-deceled-oxygene","8":"first","9":"instock","10":"taxable","11":"shipping-taxable","12":"product-type-simple","13":"customify-col"},"brands":[],"_links":{"self":[{"href":"https:\/\/www.agronetbrewing.com\/fr\/wp-json\/wp\/v2\/product\/8214","targetHints":{"allow":["GET"]}}],"collection":[{"href":"https:\/\/www.agronetbrewing.com\/fr\/wp-json\/wp\/v2\/product"}],"about":[{"href":"https:\/\/www.agronetbrewing.com\/fr\/wp-json\/wp\/v2\/types\/product"}],"version-history":[{"count":0,"href":"https:\/\/www.agronetbrewing.com\/fr\/wp-json\/wp\/v2\/product\/8214\/revisions"}],"wp:featuredmedia":[{"embeddable":true,"href":"https:\/\/www.agronetbrewing.com\/fr\/wp-json\/wp\/v2\/media\/15946"}],"wp:attachment":[{"href":"https:\/\/www.agronetbrewing.com\/fr\/wp-json\/wp\/v2\/media?parent=8214"}],"wp:term":[{"taxonomy":"pwb-brand","embeddable":true,"href":"https:\/\/www.agronetbrewing.com\/fr\/wp-json\/wp\/v2\/pwb-brand?post=8214"},{"taxonomy":"product_brand","embeddable":true,"href":"https:\/\/www.agronetbrewing.com\/fr\/wp-json\/wp\/v2\/product_brand?post=8214"},{"taxonomy":"product_cat","embeddable":true,"href":"https:\/\/www.agronetbrewing.com\/fr\/wp-json\/wp\/v2\/product_cat?post=8214"},{"taxonomy":"product_tag","embeddable":true,"href":"https:\/\/www.agronetbrewing.com\/fr\/wp-json\/wp\/v2\/product_tag?post=8214"}],"curies":[{"name":"wp","href":"https:\/\/api.w.org\/{rel}","templated":true}]}}