{"id":8220,"date":"2019-06-19T09:00:18","date_gmt":"2019-08-30T10:21:24","guid":{"rendered":"https:\/\/cerveceroscaseros.com\/producto\/compteur-de-ph-hi99151"},"modified":"2020-03-17T11:13:05","modified_gmt":"2020-03-17T11:13:05","slug":"compteur-de-ph-hi99151","status":"publish","type":"product","link":"https:\/\/www.agronetbrewing.com\/fr\/productos\/instruments-de-mesure\/ph-conductivite-et-deceled-oxygene\/compteur-de-ph-hi99151\/","title":{"rendered":"Compteur de pH HI99151"},"content":{"rendered":"","protected":false},"excerpt":{"rendered":"<p>Avec \u00e9lectrode en titane pour hautes temp\u00e9ratures.<br \/>\nElectrode FC214D avec corps en titane pour applications industrielles.<br \/>\nLe verre HT convient aux applications \u00e0 haute temp\u00e9rature.<br \/>\nUnion de fibre microporeuse renouvelable, l\u2019union est renouvel\u00e9e en tirant l\u00e9g\u00e8rement sur la fibre.<\/p>\n","protected":false},"featured_media":15887,"template":"","meta":[],"pwb-brand":[],"product_brand":[],"product_cat":[147],"product_tag":[],"class_list":{"0":"post-8220","1":"product","2":"type-product","3":"status-publish","4":"has-post-thumbnail","6":"product_cat-ph-conductivite-et-deceled-oxygene","8":"first","9":"instock","10":"taxable","11":"shipping-taxable","12":"product-type-simple","13":"customify-col"},"brands":[],"_links":{"self":[{"href":"https:\/\/www.agronetbrewing.com\/fr\/wp-json\/wp\/v2\/product\/8220","targetHints":{"allow":["GET"]}}],"collection":[{"href":"https:\/\/www.agronetbrewing.com\/fr\/wp-json\/wp\/v2\/product"}],"about":[{"href":"https:\/\/www.agronetbrewing.com\/fr\/wp-json\/wp\/v2\/types\/product"}],"version-history":[{"count":0,"href":"https:\/\/www.agronetbrewing.com\/fr\/wp-json\/wp\/v2\/product\/8220\/revisions"}],"wp:featuredmedia":[{"embeddable":true,"href":"https:\/\/www.agronetbrewing.com\/fr\/wp-json\/wp\/v2\/media\/15887"}],"wp:attachment":[{"href":"https:\/\/www.agronetbrewing.com\/fr\/wp-json\/wp\/v2\/media?parent=8220"}],"wp:term":[{"taxonomy":"pwb-brand","embeddable":true,"href":"https:\/\/www.agronetbrewing.com\/fr\/wp-json\/wp\/v2\/pwb-brand?post=8220"},{"taxonomy":"product_brand","embeddable":true,"href":"https:\/\/www.agronetbrewing.com\/fr\/wp-json\/wp\/v2\/product_brand?post=8220"},{"taxonomy":"product_cat","embeddable":true,"href":"https:\/\/www.agronetbrewing.com\/fr\/wp-json\/wp\/v2\/product_cat?post=8220"},{"taxonomy":"product_tag","embeddable":true,"href":"https:\/\/www.agronetbrewing.com\/fr\/wp-json\/wp\/v2\/product_tag?post=8220"}],"curies":[{"name":"wp","href":"https:\/\/api.w.org\/{rel}","templated":true}]}}