{"id":8236,"date":"2019-06-19T07:15:17","date_gmt":"2019-08-30T11:19:52","guid":{"rendered":"https:\/\/cerveceroscaseros.com\/producto\/couvercle-pour-seau-5686-ref-5687-5687"},"modified":"2020-03-16T12:46:42","modified_gmt":"2020-03-16T12:46:42","slug":"couvercle-pour-seau-5686-ref-5687","status":"publish","type":"product","link":"https:\/\/www.agronetbrewing.com\/fr\/productos\/stockage\/bac-cylindrique-et-seaux\/couvercle-pour-seau-5686-ref-5687\/","title":{"rendered":"Couvercle pour seau 5686 &#8211; Ref. 5687"},"content":{"rendered":"","protected":false},"excerpt":{"rendered":"<p>Couvercle utile pour \u00e9viter les d\u00e9versements du contenu du seau.<br \/>\nSyst\u00e8me de fixations \u00e0 clip int\u00e9gr\u00e9 qui permet de s\u00e9curiser le couvercle.<\/p>\n","protected":false},"featured_media":5804,"template":"","meta":[],"pwb-brand":[],"product_brand":[],"product_cat":[174],"product_tag":[],"class_list":{"0":"post-8236","1":"product","2":"type-product","3":"status-publish","4":"has-post-thumbnail","6":"product_cat-bac-cylindrique-et-seaux","8":"first","9":"instock","10":"taxable","11":"shipping-taxable","12":"product-type-variable","13":"customify-col"},"brands":[],"_links":{"self":[{"href":"https:\/\/www.agronetbrewing.com\/fr\/wp-json\/wp\/v2\/product\/8236","targetHints":{"allow":["GET"]}}],"collection":[{"href":"https:\/\/www.agronetbrewing.com\/fr\/wp-json\/wp\/v2\/product"}],"about":[{"href":"https:\/\/www.agronetbrewing.com\/fr\/wp-json\/wp\/v2\/types\/product"}],"version-history":[{"count":0,"href":"https:\/\/www.agronetbrewing.com\/fr\/wp-json\/wp\/v2\/product\/8236\/revisions"}],"wp:featuredmedia":[{"embeddable":true,"href":"https:\/\/www.agronetbrewing.com\/fr\/wp-json\/wp\/v2\/media\/5804"}],"wp:attachment":[{"href":"https:\/\/www.agronetbrewing.com\/fr\/wp-json\/wp\/v2\/media?parent=8236"}],"wp:term":[{"taxonomy":"pwb-brand","embeddable":true,"href":"https:\/\/www.agronetbrewing.com\/fr\/wp-json\/wp\/v2\/pwb-brand?post=8236"},{"taxonomy":"product_brand","embeddable":true,"href":"https:\/\/www.agronetbrewing.com\/fr\/wp-json\/wp\/v2\/product_brand?post=8236"},{"taxonomy":"product_cat","embeddable":true,"href":"https:\/\/www.agronetbrewing.com\/fr\/wp-json\/wp\/v2\/product_cat?post=8236"},{"taxonomy":"product_tag","embeddable":true,"href":"https:\/\/www.agronetbrewing.com\/fr\/wp-json\/wp\/v2\/product_tag?post=8236"}],"curies":[{"name":"wp","href":"https:\/\/api.w.org\/{rel}","templated":true}]}}