{"id":8237,"date":"2019-06-19T07:13:24","date_gmt":"2019-08-30T11:21:14","guid":{"rendered":"https:\/\/cerveceroscaseros.com\/producto\/seau-12-litres-ref-5686-5686"},"modified":"2020-03-16T12:17:39","modified_gmt":"2020-03-16T12:17:39","slug":"seau-12-litres-ref-5686","status":"publish","type":"product","link":"https:\/\/www.agronetbrewing.com\/fr\/productos\/stockage\/bac-cylindrique-et-seaux\/seau-12-litres-ref-5686\/","title":{"rendered":"Seau 12 litres &#8211; Ref. 5686"},"content":{"rendered":"","protected":false},"excerpt":{"rendered":"<p>Conception prim\u00e9e consistant en un seau calibr\u00e9 de 12L de construction tr\u00e8s robuste. Pour stocker les ingr\u00e9dients ou comme contenant de solutions de nettoyage chimiques.<br \/>\nLa bouche vide sans gouttes et la poign\u00e9e en acier inoxydable hygi\u00e9nique est robuste.<\/p>\n","protected":false},"featured_media":5801,"template":"","meta":[],"pwb-brand":[],"product_brand":[],"product_cat":[174],"product_tag":[],"class_list":{"0":"post-8237","1":"product","2":"type-product","3":"status-publish","4":"has-post-thumbnail","6":"product_cat-bac-cylindrique-et-seaux","8":"first","9":"instock","10":"taxable","11":"shipping-taxable","12":"product-type-variable","13":"customify-col"},"brands":[],"_links":{"self":[{"href":"https:\/\/www.agronetbrewing.com\/fr\/wp-json\/wp\/v2\/product\/8237","targetHints":{"allow":["GET"]}}],"collection":[{"href":"https:\/\/www.agronetbrewing.com\/fr\/wp-json\/wp\/v2\/product"}],"about":[{"href":"https:\/\/www.agronetbrewing.com\/fr\/wp-json\/wp\/v2\/types\/product"}],"version-history":[{"count":0,"href":"https:\/\/www.agronetbrewing.com\/fr\/wp-json\/wp\/v2\/product\/8237\/revisions"}],"wp:featuredmedia":[{"embeddable":true,"href":"https:\/\/www.agronetbrewing.com\/fr\/wp-json\/wp\/v2\/media\/5801"}],"wp:attachment":[{"href":"https:\/\/www.agronetbrewing.com\/fr\/wp-json\/wp\/v2\/media?parent=8237"}],"wp:term":[{"taxonomy":"pwb-brand","embeddable":true,"href":"https:\/\/www.agronetbrewing.com\/fr\/wp-json\/wp\/v2\/pwb-brand?post=8237"},{"taxonomy":"product_brand","embeddable":true,"href":"https:\/\/www.agronetbrewing.com\/fr\/wp-json\/wp\/v2\/product_brand?post=8237"},{"taxonomy":"product_cat","embeddable":true,"href":"https:\/\/www.agronetbrewing.com\/fr\/wp-json\/wp\/v2\/product_cat?post=8237"},{"taxonomy":"product_tag","embeddable":true,"href":"https:\/\/www.agronetbrewing.com\/fr\/wp-json\/wp\/v2\/product_tag?post=8237"}],"curies":[{"name":"wp","href":"https:\/\/api.w.org\/{rel}","templated":true}]}}