{"id":8347,"date":"2019-06-18T09:57:48","date_gmt":"2019-09-02T06:23:23","guid":{"rendered":"https:\/\/cerveceroscaseros.com\/producto\/capsules-pour-bouteilles-de-biere"},"modified":"2020-03-16T11:28:39","modified_gmt":"2020-03-16T11:28:39","slug":"feuille-anti-corrosion-lisse","status":"publish","type":"product","link":"https:\/\/www.agronetbrewing.com\/fr\/productos\/emballage\/capsules\/feuille-anti-corrosion-lisse\/","title":{"rendered":"Capsules pour bouteilles de bi\u00e8re"},"content":{"rendered":"","protected":false},"excerpt":{"rendered":"<p>Les capsules en acier de 26 mm pour les bouteilles en plastique (PET), en aluminium et en verre garantissent une pression d&rsquo;\u00e9tanch\u00e9it\u00e9 maximale et la meilleure \u00e9tanch\u00e9it\u00e9 pour une large gamme de boissons, qu&rsquo;elles soient gazeuses ou naturelles.<\/p>\n<p>&nbsp;<\/p>\n","protected":false},"featured_media":6162,"template":"","meta":[],"pwb-brand":[],"product_brand":[],"product_cat":[176],"product_tag":[],"class_list":{"0":"post-8347","1":"product","2":"type-product","3":"status-publish","4":"has-post-thumbnail","6":"product_cat-capsules","8":"first","9":"instock","10":"taxable","11":"shipping-taxable","12":"product-type-variable","13":"has-default-attributes","14":"customify-col"},"brands":[],"_links":{"self":[{"href":"https:\/\/www.agronetbrewing.com\/fr\/wp-json\/wp\/v2\/product\/8347","targetHints":{"allow":["GET"]}}],"collection":[{"href":"https:\/\/www.agronetbrewing.com\/fr\/wp-json\/wp\/v2\/product"}],"about":[{"href":"https:\/\/www.agronetbrewing.com\/fr\/wp-json\/wp\/v2\/types\/product"}],"version-history":[{"count":0,"href":"https:\/\/www.agronetbrewing.com\/fr\/wp-json\/wp\/v2\/product\/8347\/revisions"}],"wp:featuredmedia":[{"embeddable":true,"href":"https:\/\/www.agronetbrewing.com\/fr\/wp-json\/wp\/v2\/media\/6162"}],"wp:attachment":[{"href":"https:\/\/www.agronetbrewing.com\/fr\/wp-json\/wp\/v2\/media?parent=8347"}],"wp:term":[{"taxonomy":"pwb-brand","embeddable":true,"href":"https:\/\/www.agronetbrewing.com\/fr\/wp-json\/wp\/v2\/pwb-brand?post=8347"},{"taxonomy":"product_brand","embeddable":true,"href":"https:\/\/www.agronetbrewing.com\/fr\/wp-json\/wp\/v2\/product_brand?post=8347"},{"taxonomy":"product_cat","embeddable":true,"href":"https:\/\/www.agronetbrewing.com\/fr\/wp-json\/wp\/v2\/product_cat?post=8347"},{"taxonomy":"product_tag","embeddable":true,"href":"https:\/\/www.agronetbrewing.com\/fr\/wp-json\/wp\/v2\/product_tag?post=8347"}],"curies":[{"name":"wp","href":"https:\/\/api.w.org\/{rel}","templated":true}]}}