{"id":8349,"date":"2019-06-18T09:52:54","date_gmt":"2019-09-02T06:29:11","guid":{"rendered":"https:\/\/cerveceroscaseros.com\/producto\/starter-kit-5-8-dispensing"},"modified":"2019-09-18T08:17:36","modified_gmt":"2019-09-18T08:17:36","slug":"starter-kit-5-8-dispensing","status":"publish","type":"product","link":"https:\/\/www.agronetbrewing.com\/fr\/productos\/emballage\/keykegs-fr\/starter-kit-5-8-dispensing\/","title":{"rendered":"Starter Kit 5\/8 (Dispensing)"},"content":{"rendered":"","protected":false},"excerpt":{"rendered":"<p>Le coupleur KeyKeg avec soupape de s\u00e9curit\u00e9 int\u00e9gr\u00e9e vous permet de connecter le f\u00fbt KeyKeg \u00e0 tout type de syst\u00e8me de distribution. La conception unique du connecteur KeyKeg permet de s\u00e9parer le gaz propulseur de la boisson.<br \/>\nLes connecteurs DSI ont la totalit\u00e9 du corps en acier inoxydable, tandis que les connecteurs Tapkoel sont plaqu\u00e9s laiton.<br \/>\nTapkoel utilise un syst\u00e8me de clapet anti-retour sph\u00e9rique situ\u00e9 dans la partie inf\u00e9rieure pour r\u00e9duire la consommation de boisson lors du changement de f\u00fbt. Pour les pays nordiques et l\u2019Espagne, la marque DSI est recommand\u00e9e.<\/p>\n","protected":false},"featured_media":6156,"template":"","meta":[],"pwb-brand":[],"product_brand":[],"product_cat":[177],"product_tag":[],"class_list":{"0":"post-8349","1":"product","2":"type-product","3":"status-publish","4":"has-post-thumbnail","6":"product_cat-keykegs-fr","8":"first","9":"instock","10":"taxable","11":"shipping-taxable","12":"product-type-simple","13":"customify-col"},"brands":[],"_links":{"self":[{"href":"https:\/\/www.agronetbrewing.com\/fr\/wp-json\/wp\/v2\/product\/8349","targetHints":{"allow":["GET"]}}],"collection":[{"href":"https:\/\/www.agronetbrewing.com\/fr\/wp-json\/wp\/v2\/product"}],"about":[{"href":"https:\/\/www.agronetbrewing.com\/fr\/wp-json\/wp\/v2\/types\/product"}],"version-history":[{"count":0,"href":"https:\/\/www.agronetbrewing.com\/fr\/wp-json\/wp\/v2\/product\/8349\/revisions"}],"wp:featuredmedia":[{"embeddable":true,"href":"https:\/\/www.agronetbrewing.com\/fr\/wp-json\/wp\/v2\/media\/6156"}],"wp:attachment":[{"href":"https:\/\/www.agronetbrewing.com\/fr\/wp-json\/wp\/v2\/media?parent=8349"}],"wp:term":[{"taxonomy":"pwb-brand","embeddable":true,"href":"https:\/\/www.agronetbrewing.com\/fr\/wp-json\/wp\/v2\/pwb-brand?post=8349"},{"taxonomy":"product_brand","embeddable":true,"href":"https:\/\/www.agronetbrewing.com\/fr\/wp-json\/wp\/v2\/product_brand?post=8349"},{"taxonomy":"product_cat","embeddable":true,"href":"https:\/\/www.agronetbrewing.com\/fr\/wp-json\/wp\/v2\/product_cat?post=8349"},{"taxonomy":"product_tag","embeddable":true,"href":"https:\/\/www.agronetbrewing.com\/fr\/wp-json\/wp\/v2\/product_tag?post=8349"}],"curies":[{"name":"wp","href":"https:\/\/api.w.org\/{rel}","templated":true}]}}