{"id":8350,"date":"2019-06-18T09:46:46","date_gmt":"2019-09-02T06:32:22","guid":{"rendered":"https:\/\/cerveceroscaseros.com\/producto\/tete-de-remplissage-keykeg-manometre-incl"},"modified":"2020-03-16T11:10:51","modified_gmt":"2020-03-16T11:10:51","slug":"tete-de-remplissage-keykeg","status":"publish","type":"product","link":"https:\/\/www.agronetbrewing.com\/fr\/productos\/emballage\/keykegs-fr\/tete-de-remplissage-keykeg\/","title":{"rendered":"T\u00eate de remplissage KeyKeg (manom\u00e8tre incl.)"},"content":{"rendered":"","protected":false},"excerpt":{"rendered":"<p>Les barils KeyKeg peuvent \u00eatre facilement remplis \u00e0 la main avec la t\u00eate de remplissage KeyKeg.<br \/>\nKeyKeg Slimline est enti\u00e8rement compatible avec votre strat\u00e9gie de marque. Les tonneaux peuvent \u00eatre imprim\u00e9s sur toute la surface avec leur propre marque et peuvent aider \u00e0 accro\u00eetre la notori\u00e9t\u00e9 de leur marque.<br \/>\nCertaines micro-distilleries peuvent remplir 40 \u00e0 60 barils de KeyKeg par heure en travaillant avec deux personnes et quatre t\u00eates de remplissage.<br \/>\nLe manom\u00e8tre est inclus.<\/p>\n","protected":false},"featured_media":6153,"template":"","meta":[],"pwb-brand":[],"product_brand":[],"product_cat":[177],"product_tag":[],"class_list":{"0":"post-8350","1":"product","2":"type-product","3":"status-publish","4":"has-post-thumbnail","6":"product_cat-keykegs-fr","8":"first","9":"instock","10":"taxable","11":"shipping-taxable","12":"product-type-simple","13":"customify-col"},"brands":[],"_links":{"self":[{"href":"https:\/\/www.agronetbrewing.com\/fr\/wp-json\/wp\/v2\/product\/8350","targetHints":{"allow":["GET"]}}],"collection":[{"href":"https:\/\/www.agronetbrewing.com\/fr\/wp-json\/wp\/v2\/product"}],"about":[{"href":"https:\/\/www.agronetbrewing.com\/fr\/wp-json\/wp\/v2\/types\/product"}],"version-history":[{"count":0,"href":"https:\/\/www.agronetbrewing.com\/fr\/wp-json\/wp\/v2\/product\/8350\/revisions"}],"wp:featuredmedia":[{"embeddable":true,"href":"https:\/\/www.agronetbrewing.com\/fr\/wp-json\/wp\/v2\/media\/6153"}],"wp:attachment":[{"href":"https:\/\/www.agronetbrewing.com\/fr\/wp-json\/wp\/v2\/media?parent=8350"}],"wp:term":[{"taxonomy":"pwb-brand","embeddable":true,"href":"https:\/\/www.agronetbrewing.com\/fr\/wp-json\/wp\/v2\/pwb-brand?post=8350"},{"taxonomy":"product_brand","embeddable":true,"href":"https:\/\/www.agronetbrewing.com\/fr\/wp-json\/wp\/v2\/product_brand?post=8350"},{"taxonomy":"product_cat","embeddable":true,"href":"https:\/\/www.agronetbrewing.com\/fr\/wp-json\/wp\/v2\/product_cat?post=8350"},{"taxonomy":"product_tag","embeddable":true,"href":"https:\/\/www.agronetbrewing.com\/fr\/wp-json\/wp\/v2\/product_tag?post=8350"}],"curies":[{"name":"wp","href":"https:\/\/api.w.org\/{rel}","templated":true}]}}