{"id":8351,"date":"2019-06-18T09:45:05","date_gmt":"2019-09-02T06:34:29","guid":{"rendered":"https:\/\/cerveceroscaseros.com\/producto\/keykeg-slimline-10l-20l-30l"},"modified":"2020-09-16T06:52:28","modified_gmt":"2020-09-16T06:52:28","slug":"keykeg-slimline-10l-20l-30l-2","status":"publish","type":"product","link":"https:\/\/www.agronetbrewing.com\/fr\/productos\/emballage\/keykegs-fr\/keykeg-slimline-10l-20l-30l-2\/","title":{"rendered":"Keykeg Slimline ( 10L, 20L, 30L )"},"content":{"rendered":"","protected":false},"excerpt":{"rendered":"<p>Le principe novateur de Bolsa-in-Bola the da a connu la meilleure qualit\u00e9 et la plus longue p\u00e9riode d&rsquo;expiration possible. Ce syst\u00e8me unique \u00e0 deux compartiments garantit que vos produits ne sont jamais expos\u00e9s aux gaz propulseurs. La technologie brevet\u00e9e Double Wall garantit \u00e9galement une s\u00e9curit\u00e9 optimale pendant le transport et le stockage.<br \/>\nKeyKeg Slimline est enti\u00e8rement compatible avec votre strat\u00e9gie de marque. Les tonneaux peuvent \u00eatre imprim\u00e9s sur toute la surface avec leur propre marque et peuvent aider \u00e0 accro\u00eetre la notori\u00e9t\u00e9 de leur marque.<br \/>\nLe syst\u00e8me KeyKeg offre la plus haute qualit\u00e9 \u00e0 moindre co\u00fbt. La combinaison unique de l&rsquo;option air comprim\u00e9 en tant que propulseur, de la facilit\u00e9 d&rsquo;utilisation et de la taille confortable offre de nombreuses opportunit\u00e9s pour ouvrir de nouveaux march\u00e9s. La demande pour les KeyKeg est \u00e9galement en augmentation chez les exploitants de bistros et de restaurants.<br \/>\nRemplir les Slimline KeyKegs est tr\u00e8s simple. Les f\u00fbts jetables peuvent \u00eatre remplis \u00e0 l&rsquo;aide de l&rsquo;un des nombreux syst\u00e8mes de remplissage automatiques et semi-automatiques fabriqu\u00e9s par les fabricants agr\u00e9\u00e9s KeyKeg. Le remplissage manuel est \u00e9galement facile avec la t\u00eate de remplissage sp\u00e9ciale KeyKeg.<\/p>\n<p>&nbsp;<\/p>\n","protected":false},"featured_media":6150,"template":"","meta":[],"pwb-brand":[],"product_brand":[],"product_cat":[177],"product_tag":[],"class_list":{"0":"post-8351","1":"product","2":"type-product","3":"status-publish","4":"has-post-thumbnail","6":"product_cat-keykegs-fr","8":"first","9":"instock","10":"taxable","11":"shipping-taxable","12":"product-type-variable","13":"has-default-attributes","14":"customify-col"},"brands":[],"_links":{"self":[{"href":"https:\/\/www.agronetbrewing.com\/fr\/wp-json\/wp\/v2\/product\/8351","targetHints":{"allow":["GET"]}}],"collection":[{"href":"https:\/\/www.agronetbrewing.com\/fr\/wp-json\/wp\/v2\/product"}],"about":[{"href":"https:\/\/www.agronetbrewing.com\/fr\/wp-json\/wp\/v2\/types\/product"}],"version-history":[{"count":0,"href":"https:\/\/www.agronetbrewing.com\/fr\/wp-json\/wp\/v2\/product\/8351\/revisions"}],"wp:featuredmedia":[{"embeddable":true,"href":"https:\/\/www.agronetbrewing.com\/fr\/wp-json\/wp\/v2\/media\/6150"}],"wp:attachment":[{"href":"https:\/\/www.agronetbrewing.com\/fr\/wp-json\/wp\/v2\/media?parent=8351"}],"wp:term":[{"taxonomy":"pwb-brand","embeddable":true,"href":"https:\/\/www.agronetbrewing.com\/fr\/wp-json\/wp\/v2\/pwb-brand?post=8351"},{"taxonomy":"product_brand","embeddable":true,"href":"https:\/\/www.agronetbrewing.com\/fr\/wp-json\/wp\/v2\/product_brand?post=8351"},{"taxonomy":"product_cat","embeddable":true,"href":"https:\/\/www.agronetbrewing.com\/fr\/wp-json\/wp\/v2\/product_cat?post=8351"},{"taxonomy":"product_tag","embeddable":true,"href":"https:\/\/www.agronetbrewing.com\/fr\/wp-json\/wp\/v2\/product_tag?post=8351"}],"curies":[{"name":"wp","href":"https:\/\/api.w.org\/{rel}","templated":true}]}}