{"id":8355,"date":"2019-06-18T08:54:57","date_gmt":"2019-09-02T06:59:13","guid":{"rendered":"https:\/\/cerveceroscaseros.com\/producto\/tablier-tpu"},"modified":"2020-03-16T10:29:16","modified_gmt":"2020-03-16T10:29:16","slug":"tabliers-tpu","status":"publish","type":"product","link":"https:\/\/www.agronetbrewing.com\/fr\/productos\/nettoyage\/equipes-du-personnel\/tabliers\/tabliers-tpu\/","title":{"rendered":"Tablier TPU"},"content":{"rendered":"","protected":false},"excerpt":{"rendered":"<p>Jusqu&rsquo;\u00e0 60% plus l\u00e9ger.<br \/>\nMat\u00e9riau sans pores.<br \/>\nR\u00e9sistant \u00e0 la lumi\u00e8re la couleur n&rsquo;est pas alt\u00e9r\u00e9e.<br \/>\nR\u00e9sistant au froid et \u00e0 la chaleur: -40\u00ba C &#8211; + 110\u00ba C.<\/p>\n","protected":false},"featured_media":6198,"template":"","meta":[],"pwb-brand":[],"product_brand":[],"product_cat":[179],"product_tag":[],"class_list":{"0":"post-8355","1":"product","2":"type-product","3":"status-publish","4":"has-post-thumbnail","6":"product_cat-tabliers","8":"first","9":"instock","10":"taxable","11":"shipping-taxable","12":"product-type-variable","13":"customify-col","14":"product-has-gallery"},"brands":[],"_links":{"self":[{"href":"https:\/\/www.agronetbrewing.com\/fr\/wp-json\/wp\/v2\/product\/8355","targetHints":{"allow":["GET"]}}],"collection":[{"href":"https:\/\/www.agronetbrewing.com\/fr\/wp-json\/wp\/v2\/product"}],"about":[{"href":"https:\/\/www.agronetbrewing.com\/fr\/wp-json\/wp\/v2\/types\/product"}],"version-history":[{"count":0,"href":"https:\/\/www.agronetbrewing.com\/fr\/wp-json\/wp\/v2\/product\/8355\/revisions"}],"wp:featuredmedia":[{"embeddable":true,"href":"https:\/\/www.agronetbrewing.com\/fr\/wp-json\/wp\/v2\/media\/6198"}],"wp:attachment":[{"href":"https:\/\/www.agronetbrewing.com\/fr\/wp-json\/wp\/v2\/media?parent=8355"}],"wp:term":[{"taxonomy":"pwb-brand","embeddable":true,"href":"https:\/\/www.agronetbrewing.com\/fr\/wp-json\/wp\/v2\/pwb-brand?post=8355"},{"taxonomy":"product_brand","embeddable":true,"href":"https:\/\/www.agronetbrewing.com\/fr\/wp-json\/wp\/v2\/product_brand?post=8355"},{"taxonomy":"product_cat","embeddable":true,"href":"https:\/\/www.agronetbrewing.com\/fr\/wp-json\/wp\/v2\/product_cat?post=8355"},{"taxonomy":"product_tag","embeddable":true,"href":"https:\/\/www.agronetbrewing.com\/fr\/wp-json\/wp\/v2\/product_tag?post=8355"}],"curies":[{"name":"wp","href":"https:\/\/api.w.org\/{rel}","templated":true}]}}