{"id":8359,"date":"2019-06-18T08:46:21","date_gmt":"2019-09-02T07:03:23","guid":{"rendered":"https:\/\/cerveceroscaseros.com\/producto\/charlotte-jetable"},"modified":"2019-11-13T08:29:04","modified_gmt":"2019-11-13T08:29:04","slug":"charlotte-jetable","status":"publish","type":"product","link":"https:\/\/www.agronetbrewing.com\/fr\/productos\/nettoyage\/equipes-du-personnel\/jetable\/charlotte-jetable\/","title":{"rendered":"Charlotte jetable."},"content":{"rendered":"","protected":false},"excerpt":{"rendered":"<p>Bonnet rond fabriqu\u00e9 en tissu non tiss\u00e9 de polypropyl\u00e8ne.<br \/>\nCouleurs: vert, blanc et bleu.<br \/>\nAvec \u00e9lastiques sur le tour de t\u00eate pour une meilleure adaptation \u00e0 la t\u00eate de l\u2019utilisateur.<br \/>\nDisponible dans diff\u00e9rents diam\u00e8tres: 50, 53 y 60.<br \/>\nPermet aux cheveux de transpirer.<\/p>\n","protected":false},"featured_media":5681,"template":"","meta":[],"pwb-brand":[],"product_brand":[],"product_cat":[180],"product_tag":[],"class_list":{"0":"post-8359","1":"product","2":"type-product","3":"status-publish","4":"has-post-thumbnail","6":"product_cat-jetable","8":"first","9":"instock","10":"taxable","11":"shipping-taxable","12":"product-type-simple","13":"customify-col"},"brands":[],"_links":{"self":[{"href":"https:\/\/www.agronetbrewing.com\/fr\/wp-json\/wp\/v2\/product\/8359","targetHints":{"allow":["GET"]}}],"collection":[{"href":"https:\/\/www.agronetbrewing.com\/fr\/wp-json\/wp\/v2\/product"}],"about":[{"href":"https:\/\/www.agronetbrewing.com\/fr\/wp-json\/wp\/v2\/types\/product"}],"version-history":[{"count":0,"href":"https:\/\/www.agronetbrewing.com\/fr\/wp-json\/wp\/v2\/product\/8359\/revisions"}],"wp:featuredmedia":[{"embeddable":true,"href":"https:\/\/www.agronetbrewing.com\/fr\/wp-json\/wp\/v2\/media\/5681"}],"wp:attachment":[{"href":"https:\/\/www.agronetbrewing.com\/fr\/wp-json\/wp\/v2\/media?parent=8359"}],"wp:term":[{"taxonomy":"pwb-brand","embeddable":true,"href":"https:\/\/www.agronetbrewing.com\/fr\/wp-json\/wp\/v2\/pwb-brand?post=8359"},{"taxonomy":"product_brand","embeddable":true,"href":"https:\/\/www.agronetbrewing.com\/fr\/wp-json\/wp\/v2\/product_brand?post=8359"},{"taxonomy":"product_cat","embeddable":true,"href":"https:\/\/www.agronetbrewing.com\/fr\/wp-json\/wp\/v2\/product_cat?post=8359"},{"taxonomy":"product_tag","embeddable":true,"href":"https:\/\/www.agronetbrewing.com\/fr\/wp-json\/wp\/v2\/product_tag?post=8359"}],"curies":[{"name":"wp","href":"https:\/\/api.w.org\/{rel}","templated":true}]}}