{"id":8367,"date":"2019-06-18T08:29:36","date_gmt":"2019-09-02T07:17:25","guid":{"rendered":"https:\/\/cerveceroscaseros.com\/producto\/lunettes-de-protection-envelopantes-avec-protections-laterales-et-regables-sibol"},"modified":"2019-09-18T08:16:39","modified_gmt":"2019-09-18T08:16:39","slug":"lunettes-de-protection-envelopantes-avec-protections-laterales-et-regables-sibol","status":"publish","type":"product","link":"https:\/\/www.agronetbrewing.com\/fr\/productos\/nettoyage\/equipes-du-personnel\/vetements-et-lunettes\/lunettes-de-protection-envelopantes-avec-protections-laterales-et-regables-sibol\/","title":{"rendered":"Lunettes de protection envelopantes, avec protections lat\u00e9rales et regables Sibol"},"content":{"rendered":"","protected":false},"excerpt":{"rendered":"<p>Il int\u00e8gre des lentilles en polycarbonate anti-rayures et anti-bu\u00e9e.<br \/>\nR\u00e9sistant aux impacts \u00e0 basse \u00e9nergie (impacts \u00e0 45 m\u00e8tres par seconde).<br \/>\nVision lat\u00e9rale.<br \/>\nTemples extensibles et galb\u00e9s.<\/p>\n","protected":false},"featured_media":5663,"template":"","meta":[],"pwb-brand":[],"product_brand":[],"product_cat":[181],"product_tag":[],"class_list":{"0":"post-8367","1":"product","2":"type-product","3":"status-publish","4":"has-post-thumbnail","6":"product_cat-vetements-et-lunettes","8":"first","9":"instock","10":"taxable","11":"shipping-taxable","12":"product-type-simple","13":"customify-col"},"brands":[],"_links":{"self":[{"href":"https:\/\/www.agronetbrewing.com\/fr\/wp-json\/wp\/v2\/product\/8367","targetHints":{"allow":["GET"]}}],"collection":[{"href":"https:\/\/www.agronetbrewing.com\/fr\/wp-json\/wp\/v2\/product"}],"about":[{"href":"https:\/\/www.agronetbrewing.com\/fr\/wp-json\/wp\/v2\/types\/product"}],"version-history":[{"count":0,"href":"https:\/\/www.agronetbrewing.com\/fr\/wp-json\/wp\/v2\/product\/8367\/revisions"}],"wp:featuredmedia":[{"embeddable":true,"href":"https:\/\/www.agronetbrewing.com\/fr\/wp-json\/wp\/v2\/media\/5663"}],"wp:attachment":[{"href":"https:\/\/www.agronetbrewing.com\/fr\/wp-json\/wp\/v2\/media?parent=8367"}],"wp:term":[{"taxonomy":"pwb-brand","embeddable":true,"href":"https:\/\/www.agronetbrewing.com\/fr\/wp-json\/wp\/v2\/pwb-brand?post=8367"},{"taxonomy":"product_brand","embeddable":true,"href":"https:\/\/www.agronetbrewing.com\/fr\/wp-json\/wp\/v2\/product_brand?post=8367"},{"taxonomy":"product_cat","embeddable":true,"href":"https:\/\/www.agronetbrewing.com\/fr\/wp-json\/wp\/v2\/product_cat?post=8367"},{"taxonomy":"product_tag","embeddable":true,"href":"https:\/\/www.agronetbrewing.com\/fr\/wp-json\/wp\/v2\/product_tag?post=8367"}],"curies":[{"name":"wp","href":"https:\/\/api.w.org\/{rel}","templated":true}]}}