{"id":8368,"date":"2019-06-18T08:28:17","date_gmt":"2019-09-02T07:19:43","guid":{"rendered":"https:\/\/cerveceroscaseros.com\/producto\/salopette-de-travail"},"modified":"2020-03-16T09:39:37","modified_gmt":"2020-03-16T09:39:37","slug":"salopette-de-travail","status":"publish","type":"product","link":"https:\/\/www.agronetbrewing.com\/fr\/productos\/nettoyage\/equipes-du-personnel\/vetements-et-lunettes\/salopette-de-travail\/","title":{"rendered":"Salopette de travail"},"content":{"rendered":"","protected":false},"excerpt":{"rendered":"<p>100% coton avec col de chemise et fermeture \u00e0 glissi\u00e8re incorporant un rabat de protection.<br \/>\nAvec deux poches avant avec zip, deux derri\u00e8re avec des boutons et deux sur le c\u00f4t\u00e9 avec velcro.<br \/>\nTaille serr\u00e9e, id\u00e9ale pour porter des outils sur le dessus.<br \/>\nPointures du 52 au 68.<\/p>\n","protected":false},"featured_media":5660,"template":"","meta":[],"pwb-brand":[],"product_brand":[],"product_cat":[181],"product_tag":[],"class_list":{"0":"post-8368","1":"product","2":"type-product","3":"status-publish","4":"has-post-thumbnail","6":"product_cat-vetements-et-lunettes","8":"first","9":"instock","10":"taxable","11":"shipping-taxable","12":"product-type-variable","13":"customify-col"},"brands":[],"_links":{"self":[{"href":"https:\/\/www.agronetbrewing.com\/fr\/wp-json\/wp\/v2\/product\/8368","targetHints":{"allow":["GET"]}}],"collection":[{"href":"https:\/\/www.agronetbrewing.com\/fr\/wp-json\/wp\/v2\/product"}],"about":[{"href":"https:\/\/www.agronetbrewing.com\/fr\/wp-json\/wp\/v2\/types\/product"}],"version-history":[{"count":0,"href":"https:\/\/www.agronetbrewing.com\/fr\/wp-json\/wp\/v2\/product\/8368\/revisions"}],"wp:featuredmedia":[{"embeddable":true,"href":"https:\/\/www.agronetbrewing.com\/fr\/wp-json\/wp\/v2\/media\/5660"}],"wp:attachment":[{"href":"https:\/\/www.agronetbrewing.com\/fr\/wp-json\/wp\/v2\/media?parent=8368"}],"wp:term":[{"taxonomy":"pwb-brand","embeddable":true,"href":"https:\/\/www.agronetbrewing.com\/fr\/wp-json\/wp\/v2\/pwb-brand?post=8368"},{"taxonomy":"product_brand","embeddable":true,"href":"https:\/\/www.agronetbrewing.com\/fr\/wp-json\/wp\/v2\/product_brand?post=8368"},{"taxonomy":"product_cat","embeddable":true,"href":"https:\/\/www.agronetbrewing.com\/fr\/wp-json\/wp\/v2\/product_cat?post=8368"},{"taxonomy":"product_tag","embeddable":true,"href":"https:\/\/www.agronetbrewing.com\/fr\/wp-json\/wp\/v2\/product_tag?post=8368"}],"curies":[{"name":"wp","href":"https:\/\/api.w.org\/{rel}","templated":true}]}}