{"id":8369,"date":"2019-06-18T08:27:17","date_gmt":"2019-09-02T07:22:11","guid":{"rendered":"https:\/\/cerveceroscaseros.com\/producto\/veste-de-travail-ref-art327"},"modified":"2020-03-16T09:34:54","modified_gmt":"2020-03-16T09:34:54","slug":"veste-de-travail-ref-art327","status":"publish","type":"product","link":"https:\/\/www.agronetbrewing.com\/fr\/productos\/nettoyage\/equipes-du-personnel\/vetements-et-lunettes\/veste-de-travail-ref-art327\/","title":{"rendered":"Veste de travail \u2013 Ref. ART327"},"content":{"rendered":"","protected":false},"excerpt":{"rendered":"<p>Composition de tissu ext\u00e9rieur: 35% PU 65% PA.<br \/>\nComposition de la garniture: 55% PE 45% POLYOLEFIN.<br \/>\nVeste matalass\u00e9e avec fermeture \u00e0 glissi\u00e8re prot\u00e9g\u00e9e pour un revers avec fixation pour points de scratch.<br \/>\nDispose de deux poches en plastique, situ\u00e9es \u00e0 hauteur de poitrine avec une patte avec fermeture scratch.<br \/>\nLe cou est r\u00e9glable au moyen d&rsquo;un d\u00e9clenchement avec le m\u00eame type de fixation.<br \/>\n\u00c0 l&rsquo;int\u00e9rieur et \u00e0 la hauteur de la taille, une bande de tissu \u00e9lastique emp\u00eache la perte de chaleur corporelle.<br \/>\nLes manches sont dot\u00e9es de poignets int\u00e9rieurs coupe-vent, \u00e9galement en tricot \u00e9lastique.<br \/>\nTailles disponibles: P,M,G,E<\/p>\n","protected":false},"featured_media":5657,"template":"","meta":[],"pwb-brand":[],"product_brand":[],"product_cat":[181],"product_tag":[],"class_list":{"0":"post-8369","1":"product","2":"type-product","3":"status-publish","4":"has-post-thumbnail","6":"product_cat-vetements-et-lunettes","8":"first","9":"instock","10":"taxable","11":"shipping-taxable","12":"product-type-variable","13":"customify-col"},"brands":[],"_links":{"self":[{"href":"https:\/\/www.agronetbrewing.com\/fr\/wp-json\/wp\/v2\/product\/8369","targetHints":{"allow":["GET"]}}],"collection":[{"href":"https:\/\/www.agronetbrewing.com\/fr\/wp-json\/wp\/v2\/product"}],"about":[{"href":"https:\/\/www.agronetbrewing.com\/fr\/wp-json\/wp\/v2\/types\/product"}],"version-history":[{"count":0,"href":"https:\/\/www.agronetbrewing.com\/fr\/wp-json\/wp\/v2\/product\/8369\/revisions"}],"wp:featuredmedia":[{"embeddable":true,"href":"https:\/\/www.agronetbrewing.com\/fr\/wp-json\/wp\/v2\/media\/5657"}],"wp:attachment":[{"href":"https:\/\/www.agronetbrewing.com\/fr\/wp-json\/wp\/v2\/media?parent=8369"}],"wp:term":[{"taxonomy":"pwb-brand","embeddable":true,"href":"https:\/\/www.agronetbrewing.com\/fr\/wp-json\/wp\/v2\/pwb-brand?post=8369"},{"taxonomy":"product_brand","embeddable":true,"href":"https:\/\/www.agronetbrewing.com\/fr\/wp-json\/wp\/v2\/product_brand?post=8369"},{"taxonomy":"product_cat","embeddable":true,"href":"https:\/\/www.agronetbrewing.com\/fr\/wp-json\/wp\/v2\/product_cat?post=8369"},{"taxonomy":"product_tag","embeddable":true,"href":"https:\/\/www.agronetbrewing.com\/fr\/wp-json\/wp\/v2\/product_tag?post=8369"}],"curies":[{"name":"wp","href":"https:\/\/api.w.org\/{rel}","templated":true}]}}