{"id":8373,"date":"2019-06-18T08:23:59","date_gmt":"2019-09-02T07:34:37","guid":{"rendered":"https:\/\/cerveceroscaseros.com\/producto\/ensemble-de-pluie-ref-v-400"},"modified":"2020-03-16T09:44:22","modified_gmt":"2020-03-16T09:44:22","slug":"ensemble-de-pluie-ref-v-400","status":"publish","type":"product","link":"https:\/\/www.agronetbrewing.com\/fr\/productos\/nettoyage\/equipes-du-personnel\/vetements-et-lunettes\/ensemble-de-pluie-ref-v-400\/","title":{"rendered":"Ensemble de pluie &#8211; Ref. v.400"},"content":{"rendered":"","protected":false},"excerpt":{"rendered":"<p>Type de v\u00eatement imperm\u00e9able de type ing\u00e9nieur vert ou bleu.<br \/>\nFabriqu\u00e9 en nylon PVC, compos\u00e9 d&rsquo;une veste totalement imperm\u00e9able et d&rsquo;un pantalon d&rsquo;eau r\u00e9sistant et flexible.<br \/>\nR\u00e9sistant \u00e0 la d\u00e9chirure, avec coutures cousues et thermosoud\u00e9es.<br \/>\nAvec ventilation dorsale et aussi aux aisselles.<\/p>\n","protected":false},"featured_media":5645,"template":"","meta":[],"pwb-brand":[],"product_brand":[],"product_cat":[181],"product_tag":[],"class_list":{"0":"post-8373","1":"product","2":"type-product","3":"status-publish","4":"has-post-thumbnail","6":"product_cat-vetements-et-lunettes","8":"first","9":"instock","10":"taxable","11":"shipping-taxable","12":"product-type-variable","13":"customify-col"},"brands":[],"_links":{"self":[{"href":"https:\/\/www.agronetbrewing.com\/fr\/wp-json\/wp\/v2\/product\/8373","targetHints":{"allow":["GET"]}}],"collection":[{"href":"https:\/\/www.agronetbrewing.com\/fr\/wp-json\/wp\/v2\/product"}],"about":[{"href":"https:\/\/www.agronetbrewing.com\/fr\/wp-json\/wp\/v2\/types\/product"}],"version-history":[{"count":0,"href":"https:\/\/www.agronetbrewing.com\/fr\/wp-json\/wp\/v2\/product\/8373\/revisions"}],"wp:featuredmedia":[{"embeddable":true,"href":"https:\/\/www.agronetbrewing.com\/fr\/wp-json\/wp\/v2\/media\/5645"}],"wp:attachment":[{"href":"https:\/\/www.agronetbrewing.com\/fr\/wp-json\/wp\/v2\/media?parent=8373"}],"wp:term":[{"taxonomy":"pwb-brand","embeddable":true,"href":"https:\/\/www.agronetbrewing.com\/fr\/wp-json\/wp\/v2\/pwb-brand?post=8373"},{"taxonomy":"product_brand","embeddable":true,"href":"https:\/\/www.agronetbrewing.com\/fr\/wp-json\/wp\/v2\/product_brand?post=8373"},{"taxonomy":"product_cat","embeddable":true,"href":"https:\/\/www.agronetbrewing.com\/fr\/wp-json\/wp\/v2\/product_cat?post=8373"},{"taxonomy":"product_tag","embeddable":true,"href":"https:\/\/www.agronetbrewing.com\/fr\/wp-json\/wp\/v2\/product_tag?post=8373"}],"curies":[{"name":"wp","href":"https:\/\/api.w.org\/{rel}","templated":true}]}}