{"id":8374,"date":"2019-06-18T08:17:16","date_gmt":"2019-09-02T07:38:48","guid":{"rendered":"https:\/\/cerveceroscaseros.com\/producto\/botte-foca-haute-blanche"},"modified":"2020-03-16T09:18:09","modified_gmt":"2020-03-16T09:18:09","slug":"bottes-deau-foca","status":"publish","type":"product","link":"https:\/\/www.agronetbrewing.com\/fr\/productos\/nettoyage\/equipes-du-personnel\/chaussures-et-bottes-de-protection-equipes-du-personnel\/bottes-deau-foca\/","title":{"rendered":"Botte Foca haute blanche"},"content":{"rendered":"","protected":false},"excerpt":{"rendered":"<p>High boots sp\u00e9cial eau industrielle et alimentaire.<br \/>\nFabriqu\u00e9 en PVC et caoutchouc-nitrile qui offrent une excellente r\u00e9sistance aux graisses, aux d\u00e9tergents ou aux d\u00e9sinfectants tels que l\u2019eau de javel, l\u2019ammoniac, etc.<\/p>\n","protected":false},"featured_media":6648,"template":"","meta":[],"pwb-brand":[],"product_brand":[],"product_cat":[155],"product_tag":[],"class_list":{"0":"post-8374","1":"product","2":"type-product","3":"status-publish","4":"has-post-thumbnail","6":"product_cat-chaussures-et-bottes-de-protection-equipes-du-personnel","8":"first","9":"instock","10":"taxable","11":"shipping-taxable","12":"product-type-variable","13":"customify-col"},"brands":[],"_links":{"self":[{"href":"https:\/\/www.agronetbrewing.com\/fr\/wp-json\/wp\/v2\/product\/8374","targetHints":{"allow":["GET"]}}],"collection":[{"href":"https:\/\/www.agronetbrewing.com\/fr\/wp-json\/wp\/v2\/product"}],"about":[{"href":"https:\/\/www.agronetbrewing.com\/fr\/wp-json\/wp\/v2\/types\/product"}],"version-history":[{"count":0,"href":"https:\/\/www.agronetbrewing.com\/fr\/wp-json\/wp\/v2\/product\/8374\/revisions"}],"wp:featuredmedia":[{"embeddable":true,"href":"https:\/\/www.agronetbrewing.com\/fr\/wp-json\/wp\/v2\/media\/6648"}],"wp:attachment":[{"href":"https:\/\/www.agronetbrewing.com\/fr\/wp-json\/wp\/v2\/media?parent=8374"}],"wp:term":[{"taxonomy":"pwb-brand","embeddable":true,"href":"https:\/\/www.agronetbrewing.com\/fr\/wp-json\/wp\/v2\/pwb-brand?post=8374"},{"taxonomy":"product_brand","embeddable":true,"href":"https:\/\/www.agronetbrewing.com\/fr\/wp-json\/wp\/v2\/product_brand?post=8374"},{"taxonomy":"product_cat","embeddable":true,"href":"https:\/\/www.agronetbrewing.com\/fr\/wp-json\/wp\/v2\/product_cat?post=8374"},{"taxonomy":"product_tag","embeddable":true,"href":"https:\/\/www.agronetbrewing.com\/fr\/wp-json\/wp\/v2\/product_tag?post=8374"}],"curies":[{"name":"wp","href":"https:\/\/api.w.org\/{rel}","templated":true}]}}