{"id":8375,"date":"2019-06-18T08:15:31","date_gmt":"2019-09-02T07:40:37","guid":{"rendered":"https:\/\/cerveceroscaseros.com\/producto\/botte-foca-segur-prado-verte-avec-protection"},"modified":"2020-03-16T09:27:11","modified_gmt":"2020-03-16T09:27:11","slug":"botte-foca-segur-prado-verte-avec-protection","status":"publish","type":"product","link":"https:\/\/www.agronetbrewing.com\/fr\/productos\/nettoyage\/equipes-du-personnel\/chaussures-et-bottes-de-protection-equipes-du-personnel\/botte-foca-segur-prado-verte-avec-protection\/","title":{"rendered":"Botte Foca Segur Prado verte avec protection"},"content":{"rendered":"","protected":false},"excerpt":{"rendered":"<p>Bottes d\u2019eau avec s\u00e9curit\u00e9 Segur Prado en polyur\u00e9thane de premi\u00e8re qualit\u00e9.<br \/>\nR\u00e9sistant \u00e0 l&rsquo;eau, aux graisses et huiles, ainsi qu&rsquo;aux produits chimiques mod\u00e9r\u00e9s.<br \/>\nOrteil r\u00e9sistant aux chutes pouvant aller jusqu&rsquo;\u00e0 25 kg.<\/p>\n","protected":false},"featured_media":5639,"template":"","meta":[],"pwb-brand":[],"product_brand":[],"product_cat":[155],"product_tag":[],"class_list":{"0":"post-8375","1":"product","2":"type-product","3":"status-publish","4":"has-post-thumbnail","6":"product_cat-chaussures-et-bottes-de-protection-equipes-du-personnel","8":"first","9":"instock","10":"taxable","11":"shipping-taxable","12":"product-type-variable","13":"customify-col"},"brands":[],"_links":{"self":[{"href":"https:\/\/www.agronetbrewing.com\/fr\/wp-json\/wp\/v2\/product\/8375","targetHints":{"allow":["GET"]}}],"collection":[{"href":"https:\/\/www.agronetbrewing.com\/fr\/wp-json\/wp\/v2\/product"}],"about":[{"href":"https:\/\/www.agronetbrewing.com\/fr\/wp-json\/wp\/v2\/types\/product"}],"version-history":[{"count":0,"href":"https:\/\/www.agronetbrewing.com\/fr\/wp-json\/wp\/v2\/product\/8375\/revisions"}],"wp:featuredmedia":[{"embeddable":true,"href":"https:\/\/www.agronetbrewing.com\/fr\/wp-json\/wp\/v2\/media\/5639"}],"wp:attachment":[{"href":"https:\/\/www.agronetbrewing.com\/fr\/wp-json\/wp\/v2\/media?parent=8375"}],"wp:term":[{"taxonomy":"pwb-brand","embeddable":true,"href":"https:\/\/www.agronetbrewing.com\/fr\/wp-json\/wp\/v2\/pwb-brand?post=8375"},{"taxonomy":"product_brand","embeddable":true,"href":"https:\/\/www.agronetbrewing.com\/fr\/wp-json\/wp\/v2\/product_brand?post=8375"},{"taxonomy":"product_cat","embeddable":true,"href":"https:\/\/www.agronetbrewing.com\/fr\/wp-json\/wp\/v2\/product_cat?post=8375"},{"taxonomy":"product_tag","embeddable":true,"href":"https:\/\/www.agronetbrewing.com\/fr\/wp-json\/wp\/v2\/product_tag?post=8375"}],"curies":[{"name":"wp","href":"https:\/\/api.w.org\/{rel}","templated":true}]}}