{"id":8376,"date":"2019-06-18T08:13:57","date_gmt":"2019-09-02T07:47:32","guid":{"rendered":"https:\/\/cerveceroscaseros.com\/producto\/chaussures-de-securite-emil-plus-ref-emil-plus"},"modified":"2020-03-16T09:31:03","modified_gmt":"2020-03-16T09:31:03","slug":"chaussures-de-securite-emil-plus","status":"publish","type":"product","link":"https:\/\/www.agronetbrewing.com\/fr\/productos\/nettoyage\/equipes-du-personnel\/chaussures-et-bottes-de-protection-equipes-du-personnel\/chaussures-de-securite-emil-plus\/","title":{"rendered":"Chaussures de s\u00e9curit\u00e9 Emil Plus &#8211; Ref. Amil Plus"},"content":{"rendered":"","protected":false},"excerpt":{"rendered":"<p>Chaussures de haute qualit\u00e9, avec embout en plastique et semelle atistatique pour une bonne adh\u00e9rence.<br \/>\nSemelle ext\u00e9rieure en polyur\u00e9thane de doubl\u00e9 densit\u00e9.<br \/>\nChaussures confortables pour sa l\u00e9g\u00e8ret\u00e9, offrent une grande s\u00e9curit\u00e9 gr\u00e2ce au syst\u00e8me anti-perforation.<br \/>\nChaussures de s\u00e9curit\u00e9 avec absorption d\u2019\u00e9nergie dans la zone du talon.<br \/>\nRespirante<br \/>\nPeau flor \u00ab\u00a0Derbi\u00a0\u00bb<\/p>\n","protected":false},"featured_media":5636,"template":"","meta":[],"pwb-brand":[],"product_brand":[],"product_cat":[155],"product_tag":[],"class_list":{"0":"post-8376","1":"product","2":"type-product","3":"status-publish","4":"has-post-thumbnail","6":"product_cat-chaussures-et-bottes-de-protection-equipes-du-personnel","8":"first","9":"instock","10":"taxable","11":"shipping-taxable","12":"product-type-variable","13":"customify-col"},"brands":[],"_links":{"self":[{"href":"https:\/\/www.agronetbrewing.com\/fr\/wp-json\/wp\/v2\/product\/8376","targetHints":{"allow":["GET"]}}],"collection":[{"href":"https:\/\/www.agronetbrewing.com\/fr\/wp-json\/wp\/v2\/product"}],"about":[{"href":"https:\/\/www.agronetbrewing.com\/fr\/wp-json\/wp\/v2\/types\/product"}],"version-history":[{"count":0,"href":"https:\/\/www.agronetbrewing.com\/fr\/wp-json\/wp\/v2\/product\/8376\/revisions"}],"wp:featuredmedia":[{"embeddable":true,"href":"https:\/\/www.agronetbrewing.com\/fr\/wp-json\/wp\/v2\/media\/5636"}],"wp:attachment":[{"href":"https:\/\/www.agronetbrewing.com\/fr\/wp-json\/wp\/v2\/media?parent=8376"}],"wp:term":[{"taxonomy":"pwb-brand","embeddable":true,"href":"https:\/\/www.agronetbrewing.com\/fr\/wp-json\/wp\/v2\/pwb-brand?post=8376"},{"taxonomy":"product_brand","embeddable":true,"href":"https:\/\/www.agronetbrewing.com\/fr\/wp-json\/wp\/v2\/product_brand?post=8376"},{"taxonomy":"product_cat","embeddable":true,"href":"https:\/\/www.agronetbrewing.com\/fr\/wp-json\/wp\/v2\/product_cat?post=8376"},{"taxonomy":"product_tag","embeddable":true,"href":"https:\/\/www.agronetbrewing.com\/fr\/wp-json\/wp\/v2\/product_tag?post=8376"}],"curies":[{"name":"wp","href":"https:\/\/api.w.org\/{rel}","templated":true}]}}