{"id":8377,"date":"2019-06-18T08:09:18","date_gmt":"2019-09-02T07:49:06","guid":{"rendered":"https:\/\/cerveceroscaseros.com\/producto\/bottes-de-travail-blanches-saona-ref-saona"},"modified":"2022-02-23T13:44:38","modified_gmt":"2022-02-23T13:44:38","slug":"bottes-de-travail-blanches-saona","status":"publish","type":"product","link":"https:\/\/www.agronetbrewing.com\/fr\/productos\/nettoyage\/equipes-du-personnel\/chaussures-et-bottes-de-protection-equipes-du-personnel\/bottes-de-travail-blanches-saona\/","title":{"rendered":"Bottes Panter"},"content":{"rendered":"","protected":false},"excerpt":{"rendered":"<p>Avec rev\u00eatement sp\u00e9cial Baltic avec des niveaux \u00e9lev\u00e9s de r\u00e9sistance \u00e0 l\u2019abrassion ( s\u00e8che et humide).<br \/>\nAntiest\u00e1tique, embout de protection et gabarit de s\u00e9curit\u00e9 non metallique.<br \/>\nSemelle antid\u00e9rapante \u00e0 haute r\u00e9sistance aux hydrocarbures.<br \/>\nSemelle int\u00e9rieure thermo-form\u00e9e et antibact\u00e9rienne.<br \/>\nSemelle en polyur\u00e9thane doubl\u00e9 densit\u00e9..<br \/>\nR\u00e9sistant \u00e0 25 agents chimiques.<br \/>\nPeut \u00eatre lav\u00e9 \u00e0 60\u00ba C.<\/p>\n","protected":false},"featured_media":19990,"template":"","meta":[],"pwb-brand":[],"product_brand":[],"product_cat":[155],"product_tag":[],"class_list":{"0":"post-8377","1":"product","2":"type-product","3":"status-publish","4":"has-post-thumbnail","6":"product_cat-chaussures-et-bottes-de-protection-equipes-du-personnel","8":"first","9":"instock","10":"taxable","11":"shipping-taxable","12":"product-type-variable","13":"customify-col"},"brands":[],"_links":{"self":[{"href":"https:\/\/www.agronetbrewing.com\/fr\/wp-json\/wp\/v2\/product\/8377","targetHints":{"allow":["GET"]}}],"collection":[{"href":"https:\/\/www.agronetbrewing.com\/fr\/wp-json\/wp\/v2\/product"}],"about":[{"href":"https:\/\/www.agronetbrewing.com\/fr\/wp-json\/wp\/v2\/types\/product"}],"version-history":[{"count":0,"href":"https:\/\/www.agronetbrewing.com\/fr\/wp-json\/wp\/v2\/product\/8377\/revisions"}],"wp:featuredmedia":[{"embeddable":true,"href":"https:\/\/www.agronetbrewing.com\/fr\/wp-json\/wp\/v2\/media\/19990"}],"wp:attachment":[{"href":"https:\/\/www.agronetbrewing.com\/fr\/wp-json\/wp\/v2\/media?parent=8377"}],"wp:term":[{"taxonomy":"pwb-brand","embeddable":true,"href":"https:\/\/www.agronetbrewing.com\/fr\/wp-json\/wp\/v2\/pwb-brand?post=8377"},{"taxonomy":"product_brand","embeddable":true,"href":"https:\/\/www.agronetbrewing.com\/fr\/wp-json\/wp\/v2\/product_brand?post=8377"},{"taxonomy":"product_cat","embeddable":true,"href":"https:\/\/www.agronetbrewing.com\/fr\/wp-json\/wp\/v2\/product_cat?post=8377"},{"taxonomy":"product_tag","embeddable":true,"href":"https:\/\/www.agronetbrewing.com\/fr\/wp-json\/wp\/v2\/product_tag?post=8377"}],"curies":[{"name":"wp","href":"https:\/\/api.w.org\/{rel}","templated":true}]}}