{"id":8495,"date":"2019-06-17T08:10:39","date_gmt":"2019-09-02T11:15:14","guid":{"rendered":"https:\/\/cerveceroscaseros.com\/producto\/pulverisateur-mousseur-a-pression-en-acier-inoxidable"},"modified":"2020-03-12T10:41:59","modified_gmt":"2020-03-12T10:41:59","slug":"equipo-portatil-de-espuma-bombona","status":"publish","type":"product","link":"https:\/\/www.agronetbrewing.com\/fr\/productos\/nettoyage\/equipement-de-nettoyage\/equipo-portatil-de-espuma-bombona\/","title":{"rendered":"Pulv\u00e9risateur \/ mousseur \u00e0 pression en acier inoxidable"},"content":{"rendered":"","protected":false},"excerpt":{"rendered":"<p>\u00c9quipement sp\u00e9cialement con\u00e7u pour fonctionner avec de l&rsquo;air comprim\u00e9<br \/>\nDisponible en diff\u00e9rentes tailles, 24 ou 50 litres (voir aussi options en plastique: 90 et 38 litres)<br \/>\nGrand contr\u00f4le de la consommation de d\u00e9tergent et \/ ou de d\u00e9sinfectant<br \/>\n\u00c9quipement robuste, facile et fiable<br \/>\nLe tuyau d&rsquo;air n&rsquo;est pas fourni<\/p>\n","protected":false},"featured_media":6207,"template":"","meta":[],"pwb-brand":[],"product_brand":[],"product_cat":[188],"product_tag":[],"class_list":{"0":"post-8495","1":"product","2":"type-product","3":"status-publish","4":"has-post-thumbnail","6":"product_cat-equipement-de-nettoyage","8":"first","9":"instock","10":"taxable","11":"shipping-taxable","12":"product-type-variable","13":"customify-col","14":"product-has-gallery"},"brands":[],"_links":{"self":[{"href":"https:\/\/www.agronetbrewing.com\/fr\/wp-json\/wp\/v2\/product\/8495","targetHints":{"allow":["GET"]}}],"collection":[{"href":"https:\/\/www.agronetbrewing.com\/fr\/wp-json\/wp\/v2\/product"}],"about":[{"href":"https:\/\/www.agronetbrewing.com\/fr\/wp-json\/wp\/v2\/types\/product"}],"version-history":[{"count":0,"href":"https:\/\/www.agronetbrewing.com\/fr\/wp-json\/wp\/v2\/product\/8495\/revisions"}],"wp:featuredmedia":[{"embeddable":true,"href":"https:\/\/www.agronetbrewing.com\/fr\/wp-json\/wp\/v2\/media\/6207"}],"wp:attachment":[{"href":"https:\/\/www.agronetbrewing.com\/fr\/wp-json\/wp\/v2\/media?parent=8495"}],"wp:term":[{"taxonomy":"pwb-brand","embeddable":true,"href":"https:\/\/www.agronetbrewing.com\/fr\/wp-json\/wp\/v2\/pwb-brand?post=8495"},{"taxonomy":"product_brand","embeddable":true,"href":"https:\/\/www.agronetbrewing.com\/fr\/wp-json\/wp\/v2\/product_brand?post=8495"},{"taxonomy":"product_cat","embeddable":true,"href":"https:\/\/www.agronetbrewing.com\/fr\/wp-json\/wp\/v2\/product_cat?post=8495"},{"taxonomy":"product_tag","embeddable":true,"href":"https:\/\/www.agronetbrewing.com\/fr\/wp-json\/wp\/v2\/product_tag?post=8495"}],"curies":[{"name":"wp","href":"https:\/\/api.w.org\/{rel}","templated":true}]}}