{"id":8499,"date":"2019-06-14T11:23:02","date_gmt":"2019-09-02T11:30:01","guid":{"rendered":"https:\/\/cerveceroscaseros.com\/producto\/lalbrew-abbaye-belgian-ale"},"modified":"2025-02-13T09:45:17","modified_gmt":"2025-02-13T08:45:17","slug":"lalbrew-abbaye-belgian-ale-2","status":"publish","type":"product","link":"https:\/\/www.agronetbrewing.com\/fr\/productos\/levure-et-bacteries\/lallemand-fr\/premium-series-fr\/lalbrew-abbaye-belgian-ale-2\/","title":{"rendered":"LalBrew Abbaye Belgian Ale"},"content":{"rendered":"","protected":false},"excerpt":{"rendered":"<p>Saccharomyces cerevisiae d&rsquo;origine Belge.<\/p>\n<p>C&rsquo;est une levure de bi\u00e8re d&rsquo;origine belge s\u00e9lectionn\u00e9e pour sa capacit\u00e9 \u00e0 produire de grands styles de bi\u00e8re belge, y compris des bi\u00e8res \u00e0 haute densit\u00e9: Dubbel, Trippel et Quad.<\/p>\n","protected":false},"featured_media":5300,"template":"","meta":[],"pwb-brand":[1011],"product_brand":[],"product_cat":[189],"product_tag":[],"class_list":{"0":"post-8499","1":"product","2":"type-product","3":"status-publish","4":"has-post-thumbnail","6":"pwb-brand-lallemand_brewing","7":"product_cat-premium-series-fr","9":"first","10":"instock","11":"taxable","12":"shipping-taxable","13":"product-type-variable","14":"customify-col"},"brands":[{"id":1011,"name":"LALLEMAND BREWING","slug":"lallemand_brewing"}],"_links":{"self":[{"href":"https:\/\/www.agronetbrewing.com\/fr\/wp-json\/wp\/v2\/product\/8499","targetHints":{"allow":["GET"]}}],"collection":[{"href":"https:\/\/www.agronetbrewing.com\/fr\/wp-json\/wp\/v2\/product"}],"about":[{"href":"https:\/\/www.agronetbrewing.com\/fr\/wp-json\/wp\/v2\/types\/product"}],"version-history":[{"count":2,"href":"https:\/\/www.agronetbrewing.com\/fr\/wp-json\/wp\/v2\/product\/8499\/revisions"}],"predecessor-version":[{"id":24163,"href":"https:\/\/www.agronetbrewing.com\/fr\/wp-json\/wp\/v2\/product\/8499\/revisions\/24163"}],"wp:featuredmedia":[{"embeddable":true,"href":"https:\/\/www.agronetbrewing.com\/fr\/wp-json\/wp\/v2\/media\/5300"}],"wp:attachment":[{"href":"https:\/\/www.agronetbrewing.com\/fr\/wp-json\/wp\/v2\/media?parent=8499"}],"wp:term":[{"taxonomy":"pwb-brand","embeddable":true,"href":"https:\/\/www.agronetbrewing.com\/fr\/wp-json\/wp\/v2\/pwb-brand?post=8499"},{"taxonomy":"product_brand","embeddable":true,"href":"https:\/\/www.agronetbrewing.com\/fr\/wp-json\/wp\/v2\/product_brand?post=8499"},{"taxonomy":"product_cat","embeddable":true,"href":"https:\/\/www.agronetbrewing.com\/fr\/wp-json\/wp\/v2\/product_cat?post=8499"},{"taxonomy":"product_tag","embeddable":true,"href":"https:\/\/www.agronetbrewing.com\/fr\/wp-json\/wp\/v2\/product_tag?post=8499"}],"curies":[{"name":"wp","href":"https:\/\/api.w.org\/{rel}","templated":true}]}}