{"id":8504,"date":"2019-06-14T07:07:36","date_gmt":"2019-09-02T11:35:36","guid":{"rendered":"https:\/\/cerveceroscaseros.com\/producto\/lalbrew-cbc-1-for-cask-bottle-conditioning"},"modified":"2025-02-13T09:51:53","modified_gmt":"2025-02-13T08:51:53","slug":"lalbrew-cbc-1-for-cask-bottle-conditioning","status":"publish","type":"product","link":"https:\/\/www.agronetbrewing.com\/fr\/productos\/levure-et-bacteries\/lallemand-fr\/premium-series-fr\/lalbrew-cbc-1-for-cask-bottle-conditioning\/","title":{"rendered":"LalBrew\u2122 CBC-1 for Cask &amp; Bottle Conditioning"},"content":{"rendered":"","protected":false},"excerpt":{"rendered":"<p><em>Saccharomyces cerevisiae s\u00e9lectionn\u00e9 dans la collection de Lallemand.<\/em> <em>LalBrew CBC-1\u2122 est une levure d&rsquo;une r\u00e9gion de vin mousseux c\u00e9l\u00e8bre pour ses excellentes propri\u00e9t\u00e9s dans la production de vin de base mousseux et poss\u00e9dant le caract\u00e8re \u201ckiller\u201d (levure tueuse).<\/em> Autrement dit, elle s\u00e9cr\u00e8te une prot\u00e9ine toxique qui peut inhiber les souches sensibles \u00e0 ce caract\u00e8re (la plupart des souches de brasserie).<br \/>\nAr\u00f4me et go\u00fbt neutres, r\u00e9sistant \u00e0 l&rsquo;alcool. Il ne m\u00e9tabolise pas la maltotriose. Il peut \u00eatre utilis\u00e9 en fermentation et en tant que s\u00e9questrant de l&rsquo;oxyg\u00e8ne dans les emballages.<\/p>\n<p>&nbsp;<\/p>\n","protected":false},"featured_media":5252,"template":"","meta":[],"pwb-brand":[1011],"product_brand":[],"product_cat":[189],"product_tag":[],"class_list":{"0":"post-8504","1":"product","2":"type-product","3":"status-publish","4":"has-post-thumbnail","6":"pwb-brand-lallemand_brewing","7":"product_cat-premium-series-fr","9":"first","10":"instock","11":"taxable","12":"shipping-taxable","13":"product-type-variable","14":"customify-col"},"brands":[{"id":1011,"name":"LALLEMAND BREWING","slug":"lallemand_brewing"}],"_links":{"self":[{"href":"https:\/\/www.agronetbrewing.com\/fr\/wp-json\/wp\/v2\/product\/8504","targetHints":{"allow":["GET"]}}],"collection":[{"href":"https:\/\/www.agronetbrewing.com\/fr\/wp-json\/wp\/v2\/product"}],"about":[{"href":"https:\/\/www.agronetbrewing.com\/fr\/wp-json\/wp\/v2\/types\/product"}],"version-history":[{"count":1,"href":"https:\/\/www.agronetbrewing.com\/fr\/wp-json\/wp\/v2\/product\/8504\/revisions"}],"predecessor-version":[{"id":24168,"href":"https:\/\/www.agronetbrewing.com\/fr\/wp-json\/wp\/v2\/product\/8504\/revisions\/24168"}],"wp:featuredmedia":[{"embeddable":true,"href":"https:\/\/www.agronetbrewing.com\/fr\/wp-json\/wp\/v2\/media\/5252"}],"wp:attachment":[{"href":"https:\/\/www.agronetbrewing.com\/fr\/wp-json\/wp\/v2\/media?parent=8504"}],"wp:term":[{"taxonomy":"pwb-brand","embeddable":true,"href":"https:\/\/www.agronetbrewing.com\/fr\/wp-json\/wp\/v2\/pwb-brand?post=8504"},{"taxonomy":"product_brand","embeddable":true,"href":"https:\/\/www.agronetbrewing.com\/fr\/wp-json\/wp\/v2\/product_brand?post=8504"},{"taxonomy":"product_cat","embeddable":true,"href":"https:\/\/www.agronetbrewing.com\/fr\/wp-json\/wp\/v2\/product_cat?post=8504"},{"taxonomy":"product_tag","embeddable":true,"href":"https:\/\/www.agronetbrewing.com\/fr\/wp-json\/wp\/v2\/product_tag?post=8504"}],"curies":[{"name":"wp","href":"https:\/\/api.w.org\/{rel}","templated":true}]}}