{"id":8506,"date":"2019-06-14T06:46:54","date_gmt":"2019-09-02T11:36:57","guid":{"rendered":"https:\/\/cerveceroscaseros.com\/producto\/lalbrew-bry-97-american-west-coast-ale"},"modified":"2025-02-13T09:54:10","modified_gmt":"2025-02-13T08:54:10","slug":"lalbrew-bry-97-american-west-coast-ale-2","status":"publish","type":"product","link":"https:\/\/www.agronetbrewing.com\/fr\/productos\/levure-et-bacteries\/lallemand-fr\/premium-series-fr\/lalbrew-bry-97-american-west-coast-ale-2\/","title":{"rendered":"LalBrew BRY-97 American West Coast Ale"},"content":{"rendered":"","protected":false},"excerpt":{"rendered":"<p>Saccharomyces cerevisiae s\u00e9lectionn\u00e9 dans la collection de la culture de levure de l&rsquo;Institut Siebel.<\/p>\n<p>Il produit des esters dont les r\u00e9sultats dans la bi\u00e8re sont tr\u00e8s doux, presque neutres.<\/p>\n","protected":false},"featured_media":5246,"template":"","meta":[],"pwb-brand":[1011],"product_brand":[],"product_cat":[189],"product_tag":[],"class_list":{"0":"post-8506","1":"product","2":"type-product","3":"status-publish","4":"has-post-thumbnail","6":"pwb-brand-lallemand_brewing","7":"product_cat-premium-series-fr","9":"first","10":"instock","11":"taxable","12":"shipping-taxable","13":"product-type-variable","14":"customify-col"},"brands":[{"id":1011,"name":"LALLEMAND BREWING","slug":"lallemand_brewing"}],"_links":{"self":[{"href":"https:\/\/www.agronetbrewing.com\/fr\/wp-json\/wp\/v2\/product\/8506","targetHints":{"allow":["GET"]}}],"collection":[{"href":"https:\/\/www.agronetbrewing.com\/fr\/wp-json\/wp\/v2\/product"}],"about":[{"href":"https:\/\/www.agronetbrewing.com\/fr\/wp-json\/wp\/v2\/types\/product"}],"version-history":[{"count":2,"href":"https:\/\/www.agronetbrewing.com\/fr\/wp-json\/wp\/v2\/product\/8506\/revisions"}],"predecessor-version":[{"id":24170,"href":"https:\/\/www.agronetbrewing.com\/fr\/wp-json\/wp\/v2\/product\/8506\/revisions\/24170"}],"wp:featuredmedia":[{"embeddable":true,"href":"https:\/\/www.agronetbrewing.com\/fr\/wp-json\/wp\/v2\/media\/5246"}],"wp:attachment":[{"href":"https:\/\/www.agronetbrewing.com\/fr\/wp-json\/wp\/v2\/media?parent=8506"}],"wp:term":[{"taxonomy":"pwb-brand","embeddable":true,"href":"https:\/\/www.agronetbrewing.com\/fr\/wp-json\/wp\/v2\/pwb-brand?post=8506"},{"taxonomy":"product_brand","embeddable":true,"href":"https:\/\/www.agronetbrewing.com\/fr\/wp-json\/wp\/v2\/product_brand?post=8506"},{"taxonomy":"product_cat","embeddable":true,"href":"https:\/\/www.agronetbrewing.com\/fr\/wp-json\/wp\/v2\/product_cat?post=8506"},{"taxonomy":"product_tag","embeddable":true,"href":"https:\/\/www.agronetbrewing.com\/fr\/wp-json\/wp\/v2\/product_tag?post=8506"}],"curies":[{"name":"wp","href":"https:\/\/api.w.org\/{rel}","templated":true}]}}