{"id":8508,"date":"2019-06-14T06:26:06","date_gmt":"2019-09-02T11:39:32","guid":{"rendered":"https:\/\/cerveceroscaseros.com\/producto\/lalbrew-new-england"},"modified":"2025-02-13T09:56:24","modified_gmt":"2025-02-13T08:56:24","slug":"lalbrew-new-england","status":"publish","type":"product","link":"https:\/\/www.agronetbrewing.com\/fr\/productos\/levure-et-bacteries\/lallemand-fr\/premium-series-fr\/lalbrew-new-england\/","title":{"rendered":"LalBrew New England"},"content":{"rendered":"","protected":false},"excerpt":{"rendered":"<p><strong>LalBrew \u2122 New England<\/strong> C&rsquo;est une souche s\u00e8che de Saccharomyces cerevisiae, sp\u00e9cialement s\u00e9lectionn\u00e9e pour sa capacit\u00e9 sp\u00e9cifique \u00e0 permettre aux ar\u00f4mes et aux ar\u00f4mes du houblon de rester pr\u00e9dominants, tout en fournissant les notes fruit\u00e9es que les brasseurs recherchent lors de la pr\u00e9paration de bi\u00e8res \u00ab\u00a0de la c\u00f4te Est\u00a0\u00bb.<\/p>\n<p>La levure pour les bi\u00e8res de la c\u00f4te Est produit naturellement des ar\u00f4mes et des saveurs fruit\u00e9s.<br \/>\nCes bi\u00e8res se caract\u00e9risent par leurs ar\u00f4mes de fruits et de houblon, ainsi que par une saveur tr\u00e8s similaire.<br \/>\nComme tous nos produits, la levure LalBrew \u2122 New England fournit des qualit\u00e9s sp\u00e9cifiques avec une consistance in\u00e9gal\u00e9e et une puret\u00e9 non transform\u00e9e.<\/p>\n","protected":false},"featured_media":5240,"template":"","meta":[],"pwb-brand":[1011],"product_brand":[],"product_cat":[189],"product_tag":[],"class_list":{"0":"post-8508","1":"product","2":"type-product","3":"status-publish","4":"has-post-thumbnail","6":"pwb-brand-lallemand_brewing","7":"product_cat-premium-series-fr","9":"first","10":"instock","11":"taxable","12":"shipping-taxable","13":"product-type-variable","14":"customify-col"},"brands":[{"id":1011,"name":"LALLEMAND BREWING","slug":"lallemand_brewing"}],"_links":{"self":[{"href":"https:\/\/www.agronetbrewing.com\/fr\/wp-json\/wp\/v2\/product\/8508","targetHints":{"allow":["GET"]}}],"collection":[{"href":"https:\/\/www.agronetbrewing.com\/fr\/wp-json\/wp\/v2\/product"}],"about":[{"href":"https:\/\/www.agronetbrewing.com\/fr\/wp-json\/wp\/v2\/types\/product"}],"version-history":[{"count":1,"href":"https:\/\/www.agronetbrewing.com\/fr\/wp-json\/wp\/v2\/product\/8508\/revisions"}],"predecessor-version":[{"id":24172,"href":"https:\/\/www.agronetbrewing.com\/fr\/wp-json\/wp\/v2\/product\/8508\/revisions\/24172"}],"wp:featuredmedia":[{"embeddable":true,"href":"https:\/\/www.agronetbrewing.com\/fr\/wp-json\/wp\/v2\/media\/5240"}],"wp:attachment":[{"href":"https:\/\/www.agronetbrewing.com\/fr\/wp-json\/wp\/v2\/media?parent=8508"}],"wp:term":[{"taxonomy":"pwb-brand","embeddable":true,"href":"https:\/\/www.agronetbrewing.com\/fr\/wp-json\/wp\/v2\/pwb-brand?post=8508"},{"taxonomy":"product_brand","embeddable":true,"href":"https:\/\/www.agronetbrewing.com\/fr\/wp-json\/wp\/v2\/product_brand?post=8508"},{"taxonomy":"product_cat","embeddable":true,"href":"https:\/\/www.agronetbrewing.com\/fr\/wp-json\/wp\/v2\/product_cat?post=8508"},{"taxonomy":"product_tag","embeddable":true,"href":"https:\/\/www.agronetbrewing.com\/fr\/wp-json\/wp\/v2\/product_tag?post=8508"}],"curies":[{"name":"wp","href":"https:\/\/api.w.org\/{rel}","templated":true}]}}