{"id":8533,"date":"2019-06-12T11:34:37","date_gmt":"2019-09-03T06:15:53","guid":{"rendered":"https:\/\/cerveceroscaseros.com\/producto\/tettnanger"},"modified":"2020-03-10T08:05:16","modified_gmt":"2020-03-10T08:05:16","slug":"tettnanger-2","status":"publish","type":"product","link":"https:\/\/www.agronetbrewing.com\/fr\/productos\/houblons\/houblon-hopsi\/tettnanger-2\/","title":{"rendered":"Tettnanger T90"},"content":{"rendered":"","protected":false},"excerpt":{"rendered":"<p><strong>Profil d&rsquo;ar\u00f4me:<\/strong> \u00c9pic\u00e9, Floral, Poivre, Th\u00e9 Noir.<\/p>\n","protected":false},"featured_media":5180,"template":"","meta":[],"pwb-brand":[1054],"product_brand":[],"product_cat":[190],"product_tag":[],"class_list":{"0":"post-8533","1":"product","2":"type-product","3":"status-publish","4":"has-post-thumbnail","6":"pwb-brand-hopsi","7":"product_cat-houblon-hopsi","9":"first","10":"instock","11":"taxable","12":"shipping-taxable","13":"product-type-variable","14":"has-default-attributes","15":"customify-col"},"brands":[{"id":1054,"name":"HOPSI","slug":"hopsi"}],"_links":{"self":[{"href":"https:\/\/www.agronetbrewing.com\/fr\/wp-json\/wp\/v2\/product\/8533","targetHints":{"allow":["GET"]}}],"collection":[{"href":"https:\/\/www.agronetbrewing.com\/fr\/wp-json\/wp\/v2\/product"}],"about":[{"href":"https:\/\/www.agronetbrewing.com\/fr\/wp-json\/wp\/v2\/types\/product"}],"version-history":[{"count":1,"href":"https:\/\/www.agronetbrewing.com\/fr\/wp-json\/wp\/v2\/product\/8533\/revisions"}],"predecessor-version":[{"id":16298,"href":"https:\/\/www.agronetbrewing.com\/fr\/wp-json\/wp\/v2\/product\/8533\/revisions\/16298"}],"wp:featuredmedia":[{"embeddable":true,"href":"https:\/\/www.agronetbrewing.com\/fr\/wp-json\/wp\/v2\/media\/5180"}],"wp:attachment":[{"href":"https:\/\/www.agronetbrewing.com\/fr\/wp-json\/wp\/v2\/media?parent=8533"}],"wp:term":[{"taxonomy":"pwb-brand","embeddable":true,"href":"https:\/\/www.agronetbrewing.com\/fr\/wp-json\/wp\/v2\/pwb-brand?post=8533"},{"taxonomy":"product_brand","embeddable":true,"href":"https:\/\/www.agronetbrewing.com\/fr\/wp-json\/wp\/v2\/product_brand?post=8533"},{"taxonomy":"product_cat","embeddable":true,"href":"https:\/\/www.agronetbrewing.com\/fr\/wp-json\/wp\/v2\/product_cat?post=8533"},{"taxonomy":"product_tag","embeddable":true,"href":"https:\/\/www.agronetbrewing.com\/fr\/wp-json\/wp\/v2\/product_tag?post=8533"}],"curies":[{"name":"wp","href":"https:\/\/api.w.org\/{rel}","templated":true}]}}