{"id":8552,"date":"2019-06-12T09:42:15","date_gmt":"2019-09-03T06:41:53","guid":{"rendered":"https:\/\/cerveceroscaseros.com\/producto\/ultrad"},"modified":"2020-03-12T08:08:18","modified_gmt":"2020-03-12T08:08:18","slug":"ultrad","status":"publish","type":"product","link":"https:\/\/www.agronetbrewing.com\/fr\/productos\/nettoyage\/detergents-et-desinfectants\/desinfection-de-lair\/ultrad\/","title":{"rendered":"Ultrad"},"content":{"rendered":"","protected":false},"excerpt":{"rendered":"<p>Traitement de la d\u00e9sinfection des surfaces par voie a\u00e9rienne \u00e0 la fin de la production quotidienne ou hebdomadaire, ou pendant le vide sanitaire. Pour les locaux et le mat\u00e9riel de l\u2019industrie alimentaire (silos de stockage, salles de traitement des aliments, de maturation et d\u2019emballage, all\u00e9es, ascenseurs, conteneurs, conduits de ventilation, zones de stockage, entrep\u00f4ts et moyens de transport des aliments).<\/p>\n<ul>\n<li><span style=\"font-size: 10.0pt;\">D\u00e9sinfectant fongique et bact\u00e9ricide.<br \/>\n<\/span><\/li>\n<li><span style=\"font-size: 10.0pt;\">Utilisation pr\u00e9ventive pour pr\u00e9server l&rsquo;\u00e9quilibre microbiologique de l&rsquo;environnement de production.<\/span><\/li>\n<\/ul>\n","protected":false},"featured_media":6057,"template":"","meta":[],"pwb-brand":[],"product_brand":[],"product_cat":[191],"product_tag":[],"class_list":{"0":"post-8552","1":"product","2":"type-product","3":"status-publish","4":"has-post-thumbnail","6":"product_cat-desinfection-de-lair","8":"first","9":"instock","10":"taxable","11":"shipping-taxable","12":"product-type-variable","13":"customify-col","14":"product-has-gallery"},"brands":[],"_links":{"self":[{"href":"https:\/\/www.agronetbrewing.com\/fr\/wp-json\/wp\/v2\/product\/8552","targetHints":{"allow":["GET"]}}],"collection":[{"href":"https:\/\/www.agronetbrewing.com\/fr\/wp-json\/wp\/v2\/product"}],"about":[{"href":"https:\/\/www.agronetbrewing.com\/fr\/wp-json\/wp\/v2\/types\/product"}],"version-history":[{"count":0,"href":"https:\/\/www.agronetbrewing.com\/fr\/wp-json\/wp\/v2\/product\/8552\/revisions"}],"wp:featuredmedia":[{"embeddable":true,"href":"https:\/\/www.agronetbrewing.com\/fr\/wp-json\/wp\/v2\/media\/6057"}],"wp:attachment":[{"href":"https:\/\/www.agronetbrewing.com\/fr\/wp-json\/wp\/v2\/media?parent=8552"}],"wp:term":[{"taxonomy":"pwb-brand","embeddable":true,"href":"https:\/\/www.agronetbrewing.com\/fr\/wp-json\/wp\/v2\/pwb-brand?post=8552"},{"taxonomy":"product_brand","embeddable":true,"href":"https:\/\/www.agronetbrewing.com\/fr\/wp-json\/wp\/v2\/product_brand?post=8552"},{"taxonomy":"product_cat","embeddable":true,"href":"https:\/\/www.agronetbrewing.com\/fr\/wp-json\/wp\/v2\/product_cat?post=8552"},{"taxonomy":"product_tag","embeddable":true,"href":"https:\/\/www.agronetbrewing.com\/fr\/wp-json\/wp\/v2\/product_tag?post=8552"}],"curies":[{"name":"wp","href":"https:\/\/api.w.org\/{rel}","templated":true}]}}