{"id":8557,"date":"2019-06-11T13:53:31","date_gmt":"2019-09-03T06:58:32","guid":{"rendered":"https:\/\/cerveceroscaseros.com\/producto\/enzybrew-l"},"modified":"2020-03-11T11:30:14","modified_gmt":"2020-03-11T11:30:14","slug":"enzybrew-l","status":"publish","type":"product","link":"https:\/\/www.agronetbrewing.com\/fr\/productos\/nettoyage\/detergents-et-desinfectants\/detergents-enzymatiques\/enzybrew-l\/","title":{"rendered":"Enzybrew L"},"content":{"rendered":"","protected":false},"excerpt":{"rendered":"<p>Il s&rsquo;agit d&rsquo;un d\u00e9tergent enzymatique destin\u00e9 notamment au nettoyage des machines de mise en bouteille et des pi\u00e8ces amovibles telles que vannes, tuyaux en caoutchouc, accessoires, etc., dans les microbrasseries.<br \/>\n<strong>ENZYBREW L <\/strong>\u00e9limine la salet\u00e9 organique, telle que les r\u00e9sidus de prot\u00e9ines et de polysaccharides. Gr\u00e2ce \u00e0 sa formule sans phosphore, il permet un nettoyage en profondeur et \u00e9cologique.<\/p>\n<ul>\n<li>Hygi\u00e8ne renforc\u00e9e: nettoyage en profondeur gr\u00e2ce aux enzymes (\u00e9limination des d\u00e9chets organiques et pr\u00e9paration efficace \u00e0 la d\u00e9sinfection).<\/li>\n<li>\u00c9limine le risque de contamination.<\/li>\n<li>Rin\u00e7age facile: produit non moussant.<\/li>\n<li>Non dangereux pour l&rsquo;utilisateur: produit non class\u00e9 et non corrosif.<\/li>\n<li>Qualit\u00e9 organoleptique garantie du produit fini.<\/li>\n<li>Alternative \u00e9cologique \u00e0 la soude caustique.<\/li>\n<\/ul>\n","protected":false},"featured_media":6459,"template":"","meta":[],"pwb-brand":[],"product_brand":[],"product_cat":[193],"product_tag":[],"class_list":{"0":"post-8557","1":"product","2":"type-product","3":"status-publish","4":"has-post-thumbnail","6":"product_cat-detergents-enzymatiques","8":"first","9":"instock","10":"taxable","11":"shipping-taxable","12":"product-type-variable","13":"customify-col","14":"product-has-gallery"},"brands":[],"_links":{"self":[{"href":"https:\/\/www.agronetbrewing.com\/fr\/wp-json\/wp\/v2\/product\/8557","targetHints":{"allow":["GET"]}}],"collection":[{"href":"https:\/\/www.agronetbrewing.com\/fr\/wp-json\/wp\/v2\/product"}],"about":[{"href":"https:\/\/www.agronetbrewing.com\/fr\/wp-json\/wp\/v2\/types\/product"}],"version-history":[{"count":0,"href":"https:\/\/www.agronetbrewing.com\/fr\/wp-json\/wp\/v2\/product\/8557\/revisions"}],"wp:featuredmedia":[{"embeddable":true,"href":"https:\/\/www.agronetbrewing.com\/fr\/wp-json\/wp\/v2\/media\/6459"}],"wp:attachment":[{"href":"https:\/\/www.agronetbrewing.com\/fr\/wp-json\/wp\/v2\/media?parent=8557"}],"wp:term":[{"taxonomy":"pwb-brand","embeddable":true,"href":"https:\/\/www.agronetbrewing.com\/fr\/wp-json\/wp\/v2\/pwb-brand?post=8557"},{"taxonomy":"product_brand","embeddable":true,"href":"https:\/\/www.agronetbrewing.com\/fr\/wp-json\/wp\/v2\/product_brand?post=8557"},{"taxonomy":"product_cat","embeddable":true,"href":"https:\/\/www.agronetbrewing.com\/fr\/wp-json\/wp\/v2\/product_cat?post=8557"},{"taxonomy":"product_tag","embeddable":true,"href":"https:\/\/www.agronetbrewing.com\/fr\/wp-json\/wp\/v2\/product_tag?post=8557"}],"curies":[{"name":"wp","href":"https:\/\/api.w.org\/{rel}","templated":true}]}}