{"id":8558,"date":"2019-06-11T13:50:16","date_gmt":"2019-09-03T07:02:06","guid":{"rendered":"https:\/\/cerveceroscaseros.com\/producto\/enzybrew-10"},"modified":"2020-03-11T11:26:46","modified_gmt":"2020-03-11T11:26:46","slug":"enzybrew-10","status":"publish","type":"product","link":"https:\/\/www.agronetbrewing.com\/fr\/productos\/nettoyage\/detergents-et-desinfectants\/detergents-enzymatiques\/enzybrew-10\/","title":{"rendered":"Enzybrew 10"},"content":{"rendered":"","protected":false},"excerpt":{"rendered":"<p>Produit de nettoyage enzymatique \u00abtout-en-un\u00bb efficace et facile \u00e0 utiliser, ENZYBREW 10 est sp\u00e9cialement con\u00e7u pour le nettoyage des \u00e9quipements utilis\u00e9s dans les micro-brasseries. ENZYBREW 10 assure l&rsquo;\u00e9limination totale des taches organiques pr\u00e9sentes dans la fabrication de la bi\u00e8re artisanale, telles que les fibres v\u00e9g\u00e9tales, les prot\u00e9ines et l&rsquo;amidon (houblon, levure, farine de malt, sucres caram\u00e9lis\u00e9s, etc &#8230;). Id\u00e9al pour nettoyer les filtres, les \u00e9changeurs de chaleur et les cuves de fermentation et la cuisson, ENZYBREW 10 est un cocktail enzymatique sans phosphate adapt\u00e9 pour assurer un nettoyage en profondeur en toute s\u00e9curit\u00e9 pour les mat\u00e9riaux.<\/p>\n<ul>\n<li>D\u00e9tergent enzymatique.<\/li>\n<li>Qualit\u00e9 organoleptique garantie.<\/li>\n<li>Hygi\u00e8ne renforc\u00e9e.<\/li>\n<li>\u00c9limination du risque de contamination: les enzymes permettent une meilleure d\u00e9sinfection.<\/li>\n<li>Nettoyage en un seul cycle (gain de temps, \u00e9conomie d&rsquo;eau).<\/li>\n<li>Aucun danger pour l&rsquo;utilisateur: produit non corrosif sans risque de br\u00fblure<\/li>\n<li>Innocuit\u00e9 pour l&rsquo;environnement.<\/li>\n<\/ul>\n","protected":false},"featured_media":23704,"template":"","meta":[],"pwb-brand":[],"product_brand":[],"product_cat":[193],"product_tag":[],"class_list":{"0":"post-8558","1":"product","2":"type-product","3":"status-publish","4":"has-post-thumbnail","6":"product_cat-detergents-enzymatiques","8":"first","9":"instock","10":"taxable","11":"shipping-taxable","12":"product-type-simple","13":"customify-col","14":"product-has-gallery"},"brands":[],"_links":{"self":[{"href":"https:\/\/www.agronetbrewing.com\/fr\/wp-json\/wp\/v2\/product\/8558","targetHints":{"allow":["GET"]}}],"collection":[{"href":"https:\/\/www.agronetbrewing.com\/fr\/wp-json\/wp\/v2\/product"}],"about":[{"href":"https:\/\/www.agronetbrewing.com\/fr\/wp-json\/wp\/v2\/types\/product"}],"version-history":[{"count":0,"href":"https:\/\/www.agronetbrewing.com\/fr\/wp-json\/wp\/v2\/product\/8558\/revisions"}],"wp:featuredmedia":[{"embeddable":true,"href":"https:\/\/www.agronetbrewing.com\/fr\/wp-json\/wp\/v2\/media\/23704"}],"wp:attachment":[{"href":"https:\/\/www.agronetbrewing.com\/fr\/wp-json\/wp\/v2\/media?parent=8558"}],"wp:term":[{"taxonomy":"pwb-brand","embeddable":true,"href":"https:\/\/www.agronetbrewing.com\/fr\/wp-json\/wp\/v2\/pwb-brand?post=8558"},{"taxonomy":"product_brand","embeddable":true,"href":"https:\/\/www.agronetbrewing.com\/fr\/wp-json\/wp\/v2\/product_brand?post=8558"},{"taxonomy":"product_cat","embeddable":true,"href":"https:\/\/www.agronetbrewing.com\/fr\/wp-json\/wp\/v2\/product_cat?post=8558"},{"taxonomy":"product_tag","embeddable":true,"href":"https:\/\/www.agronetbrewing.com\/fr\/wp-json\/wp\/v2\/product_tag?post=8558"}],"curies":[{"name":"wp","href":"https:\/\/api.w.org\/{rel}","templated":true}]}}