{"id":8566,"date":"2019-06-11T13:02:40","date_gmt":"2019-09-03T07:17:52","guid":{"rendered":"https:\/\/cerveceroscaseros.com\/producto\/deptal-mcl"},"modified":"2020-03-11T09:09:23","modified_gmt":"2020-03-11T09:09:23","slug":"deptal-mcl","status":"publish","type":"product","link":"https:\/\/www.agronetbrewing.com\/fr\/productos\/nettoyage\/detergents-et-desinfectants\/detergents-alkali\/deptal-mcl\/","title":{"rendered":"Deptal MCL"},"content":{"rendered":"","protected":false},"excerpt":{"rendered":"<p>Application de mousse d\u00e9tergente-d\u00e9sinfectante pour les industries alimentaires et des boissons. Nettoyage et d\u00e9sinfection des surfaces: sols, murs, tables, \u00e0 l&rsquo;ext\u00e9rieur des cuves &#8230; Rincer avant du s\u00e9chage de la solution. Ne pas utiliser sur les m\u00e9taux l\u00e9gers et color\u00e9s.<\/p>\n<ul>\n<li><strong>D\u00e9sinfectant<\/strong><\/li>\n<li>D\u00e9tergent alcalin chlor\u00e9.<\/li>\n<li>D\u00e9graissant.<\/li>\n<li>D\u00e9sinfectant: bact\u00e9ricide et fonguicide.<\/li>\n<li>Tr\u00e8s mousseux<\/li>\n<li>Hydratant.<\/li>\n<li>Oxydant<\/li>\n<li>Emp\u00eache l&rsquo;int\u00e9gration.<\/li>\n<li>Conforme aux normes UNE-EN 1276, UNE-EN 1650 y UNE-EN 13697<\/li>\n<\/ul>\n","protected":false},"featured_media":6096,"template":"","meta":[],"pwb-brand":[],"product_brand":[],"product_cat":[148],"product_tag":[],"class_list":{"0":"post-8566","1":"product","2":"type-product","3":"status-publish","4":"has-post-thumbnail","6":"product_cat-detergents-alkali","8":"first","9":"instock","10":"taxable","11":"shipping-taxable","12":"product-type-variable","13":"customify-col","14":"product-has-gallery"},"brands":[],"_links":{"self":[{"href":"https:\/\/www.agronetbrewing.com\/fr\/wp-json\/wp\/v2\/product\/8566","targetHints":{"allow":["GET"]}}],"collection":[{"href":"https:\/\/www.agronetbrewing.com\/fr\/wp-json\/wp\/v2\/product"}],"about":[{"href":"https:\/\/www.agronetbrewing.com\/fr\/wp-json\/wp\/v2\/types\/product"}],"version-history":[{"count":0,"href":"https:\/\/www.agronetbrewing.com\/fr\/wp-json\/wp\/v2\/product\/8566\/revisions"}],"wp:featuredmedia":[{"embeddable":true,"href":"https:\/\/www.agronetbrewing.com\/fr\/wp-json\/wp\/v2\/media\/6096"}],"wp:attachment":[{"href":"https:\/\/www.agronetbrewing.com\/fr\/wp-json\/wp\/v2\/media?parent=8566"}],"wp:term":[{"taxonomy":"pwb-brand","embeddable":true,"href":"https:\/\/www.agronetbrewing.com\/fr\/wp-json\/wp\/v2\/pwb-brand?post=8566"},{"taxonomy":"product_brand","embeddable":true,"href":"https:\/\/www.agronetbrewing.com\/fr\/wp-json\/wp\/v2\/product_brand?post=8566"},{"taxonomy":"product_cat","embeddable":true,"href":"https:\/\/www.agronetbrewing.com\/fr\/wp-json\/wp\/v2\/product_cat?post=8566"},{"taxonomy":"product_tag","embeddable":true,"href":"https:\/\/www.agronetbrewing.com\/fr\/wp-json\/wp\/v2\/product_tag?post=8566"}],"curies":[{"name":"wp","href":"https:\/\/api.w.org\/{rel}","templated":true}]}}